{"id":95,"date":"2021-02-17T12:19:05","date_gmt":"2021-02-17T10:19:05","guid":{"rendered":"https:\/\/osonajove.cat\/capsula\/?page_id=95"},"modified":"2026-03-27T13:37:53","modified_gmt":"2026-03-27T11:37:53","slug":"programes-de-formacio-i-insercio","status":"publish","type":"page","link":"https:\/\/osonajove.cat\/capsula\/formacio-professional\/programes-de-formacio-i-insercio\/","title":{"rendered":"Programes de Formaci\u00f3 i Inserci\u00f3 (PFI)"},"content":{"rendered":"\t\t<div data-elementor-type=\"wp-page\" data-elementor-id=\"95\" class=\"elementor elementor-95\" data-elementor-post-type=\"page\">\n\t\t\t\t\t\t<section class=\"elementor-section elementor-top-section elementor-element elementor-element-2aef1cd elementor-section-boxed elementor-section-height-default elementor-section-height-default\" data-id=\"2aef1cd\" data-element_type=\"section\" data-e-type=\"section\">\n\t\t\t\t\t\t<div class=\"elementor-container elementor-column-gap-default\">\n\t\t\t\t\t<div class=\"elementor-column elementor-col-100 elementor-top-column elementor-element elementor-element-ea5b224\" data-id=\"ea5b224\" data-element_type=\"column\" data-e-type=\"column\">\n\t\t\t<div class=\"elementor-widget-wrap elementor-element-populated\">\n\t\t\t\t\t\t<div class=\"elementor-element elementor-element-2b534c8 elementor-widget elementor-widget-text-editor\" data-id=\"2b534c8\" data-element_type=\"widget\" data-e-type=\"widget\" data-widget_type=\"text-editor.default\">\n\t\t\t\t\t\t\t\t\t<p>Oferta formativa \/ <a href=\"https:\/\/osonajove.cat\/capsula\/formacio-professional\/\">Formaci\u00f3 Professional<\/a><\/p>\t\t\t\t\t\t\t\t<\/div>\n\t\t\t\t<div class=\"elementor-element elementor-element-70bdf3f elementor-widget elementor-widget-text-editor\" data-id=\"70bdf3f\" data-element_type=\"widget\" data-e-type=\"widget\" data-widget_type=\"text-editor.default\">\n\t\t\t\t\t\t\t\t\t<h3>Els Programes de Formaci\u00f3 i Inserci\u00f3 s&#8217;adrecen a persones joves d&#8217;entre 16 i 21 anys que finalitzen l&#8217;educaci\u00f3 secund\u00e0ria obligat\u00f2ria (ESO) sense haver obtingut el graduat.<\/h3>\t\t\t\t\t\t\t\t<\/div>\n\t\t\t\t\t<\/div>\n\t\t<\/div>\n\t\t\t\t\t<\/div>\n\t\t<\/section>\n\t\t\t\t<section class=\"elementor-section elementor-top-section elementor-element elementor-element-fc0350e elementor-section-boxed elementor-section-height-default elementor-section-height-default\" data-id=\"fc0350e\" data-element_type=\"section\" data-e-type=\"section\">\n\t\t\t\t\t\t<div class=\"elementor-container elementor-column-gap-default\">\n\t\t\t\t\t<div class=\"elementor-column elementor-col-66 elementor-top-column elementor-element elementor-element-71e577f\" data-id=\"71e577f\" data-element_type=\"column\" data-e-type=\"column\">\n\t\t\t<div class=\"elementor-widget-wrap elementor-element-populated\">\n\t\t\t\t\t\t<div class=\"elementor-element elementor-element-779b1c5 elementor-widget elementor-widget-text-editor\" data-id=\"779b1c5\" data-element_type=\"widget\" data-e-type=\"widget\" data-widget_type=\"text-editor.default\">\n\t\t\t\t\t\t\t\t\t<p>L&#8217;objectiu dels\u00a0PFI \u00e9s proporcionar la formaci\u00f3 b\u00e0sica i professional necess\u00e0ria per a la incorporaci\u00f3 al m\u00f3n laboral o per a l&#8217;acc\u00e9s posterior a un cicle de formaci\u00f3 professional de grau mitj\u00e0 (si se&#8217;n supera la prova d&#8217;acc\u00e9s o s\u2019obt\u00e9 una nota igual o superior a 8).<\/p><p>Els PFIs s\u2019estructuren en m\u00f2duls de formaci\u00f3 professional per a l\u2019adquisici\u00f3 de compet\u00e8ncies professionals pr\u00f2pies de la modalitat escollida (que combinen hores lectives dins el centre educatiu i hores de formaci\u00f3 pr\u00e0ctica en empreses), m\u00f2duls de formaci\u00f3 general per a l\u2019adquisici\u00f3 de compet\u00e8ncies instrumentals b\u00e0siques, aix\u00ed com accions de seguiment i orientaci\u00f3 a l\u2019alumne.\u00a0<\/p><p><a href=\"https:\/\/triaeducativa.gencat.cat\/ca\/fp\/pfi\/\" target=\"_blank\" rel=\"noopener noreferrer nofollow\">+ Informaci\u00f3<\/a><\/p>\t\t\t\t\t\t\t\t<\/div>\n\t\t\t\t<div class=\"elementor-element elementor-element-122d594 elementor-widget elementor-widget-heading\" data-id=\"122d594\" data-element_type=\"widget\" data-e-type=\"widget\" data-widget_type=\"heading.default\">\n\t\t\t\t\t<h3 class=\"elementor-heading-title elementor-size-default\">Programes de Formaci\u00f3 i Inserci\u00f3<\/h3>\t\t\t\t<\/div>\n\t\t\t\t<div class=\"elementor-element elementor-element-7360a44 llista-links elementor-widget elementor-widget-text-editor\" data-id=\"7360a44\" data-element_type=\"widget\" data-e-type=\"widget\" data-widget_type=\"text-editor.default\">\n\t\t\t\t\t\t\t\t\t<div><b>VIC<\/b><\/div><ul><li><a href=\"https:\/\/osonajove.cat\/capsula\/auxiliar-de-muntatges-dinstallacions-electriques-daigua-i-gas\/\">Auxiliar de muntatges d\u2019instal\u00b7lacions el\u00e8ctriques, aigua i gas<\/a><\/li><li><a href=\"https:\/\/osonajove.cat\/capsula\/auxiliar-de-vendes-oficina-i-atencio-al-public-2\">Auxiliar de comercialitzaci\u00f3 de productes i log\u00edstica<\/a><\/li><li><a href=\"https:\/\/osonajove.cat\/capsula\/auxiliar-imatge-personal\/\">Auxiliar perruqueria i est\u00e8tica<\/a><\/li><li><a href=\"https:\/\/osonajove.cat\/capsula\/vivers-i-jardins\/\">Auxiliar de pastisseria i forneria<\/a><\/li><li><a href=\"https:\/\/osonajove.cat\/capsula\/auxiliar-de-manteniment-i-reparacio-de-vehicles-de-mobilitat-personal\/\">Auxiliar de manteniment i reparaci\u00f3 de vehicles de mobilitat personal<\/a><\/li><\/ul><p><strong>MANLLEU<\/strong><\/p><ul><li><a href=\"https:\/\/osonajove.cat\/capsula\/auxiliar-dhoteleria-cuina-i-serveis-de-restauracio\/\">Auxiliar de serveis de restauraci\u00f3 i cuina<\/a><\/li><li><strong><a href=\"https:\/\/osonajove.cat\/capsula\/vivers-i-jardins-2\/\">Auxiliar de vivers i jardins<\/a><\/strong><\/li><\/ul><p><strong>TORELL\u00d3<\/strong><\/p><ul><li><a href=\"https:\/\/osonajove.cat\/capsula\/auxiliar-de-vendes-oficina-i-atencio-al-public\/\">Auxiliar de <b>\u00a0vendes, oficina i atenci\u00f3 al p\u00fablic<\/b><\/a><\/li><li><a href=\"https:\/\/osonajove.cat\/capsula\/auxiliar-de-fusteria-i-instal-lacio-de-mobles\/\">Auxiliar de fusteria i instal.laci\u00f3 de mobles<\/a><\/li><\/ul><p><strong>CENTELLES<\/strong><\/p><ul><li><a href=\"https:\/\/osonajove.cat\/capsula\/auxiliar-de-vendes-oficina-i-atencio-al-public-3\">Auxiliar de comer\u00e7 i atenci\u00f3 al p\u00fablic<\/a><\/li><\/ul><div><strong>TONA<\/strong><\/div><ul><li><a href=\"https:\/\/osonajove.cat\/capsula\/auxiliar-en-treballs-forestals\/\">Auxiliar d&#8217;activitats forestals<\/a><\/li><li><a href=\"https:\/\/osonajove.cat\/capsula\/?p=4710\">Auxiliar de serveis de restauraci\u00f3 i cuina<\/a><\/li><li><a href=\"https:\/\/osonajove.cat\/capsula\/pfi-dauxiliar-de-vivers-i-jardins\/\">Auxiliar de vivers i jardins<\/a><\/li><\/ul>\t\t\t\t\t\t\t\t<\/div>\n\t\t\t\t\t<\/div>\n\t\t<\/div>\n\t\t\t\t<div class=\"elementor-column elementor-col-33 elementor-top-column elementor-element elementor-element-9c679fa\" data-id=\"9c679fa\" data-element_type=\"column\" data-e-type=\"column\">\n\t\t\t<div class=\"elementor-widget-wrap\">\n\t\t\t\t\t\t\t<\/div>\n\t\t<\/div>\n\t\t\t\t\t<\/div>\n\t\t<\/section>\n\t\t\t\t<section class=\"elementor-section elementor-top-section elementor-element elementor-element-ec40fa3 elementor-section-boxed elementor-section-height-default elementor-section-height-default\" data-id=\"ec40fa3\" data-element_type=\"section\" data-e-type=\"section\">\n\t\t\t\t\t\t<div class=\"elementor-container elementor-column-gap-default\">\n\t\t\t\t\t<div class=\"elementor-column elementor-col-100 elementor-top-column elementor-element elementor-element-4fd2e4f\" data-id=\"4fd2e4f\" data-element_type=\"column\" data-e-type=\"column\">\n\t\t\t<div class=\"elementor-widget-wrap elementor-element-populated\">\n\t\t\t\t\t\t<div class=\"elementor-element elementor-element-c96a269 elementor-widget elementor-widget-spacer\" data-id=\"c96a269\" data-element_type=\"widget\" data-e-type=\"widget\" data-widget_type=\"spacer.default\">\n\t\t\t\t\t\t\t<div class=\"elementor-spacer\">\n\t\t\t<div class=\"elementor-spacer-inner\"><\/div>\n\t\t<\/div>\n\t\t\t\t\t\t<\/div>\n\t\t\t\t\t<\/div>\n\t\t<\/div>\n\t\t\t\t\t<\/div>\n\t\t<\/section>\n\t\t\t\t<\/div>\n\t\t","protected":false},"excerpt":{"rendered":"<p>Oferta formativa \/ Formaci\u00f3 Professional Els Programes de Formaci\u00f3 i Inserci\u00f3 s&#8217;adrecen a persones joves d&#8217;entre 16 i 21 anys que finalitzen l&#8217;educaci\u00f3 secund\u00e0ria obligat\u00f2ria (ESO) sense haver obtingut el graduat. L&#8217;objectiu dels\u00a0PFI \u00e9s proporcionar la formaci\u00f3 b\u00e0sica i professional necess\u00e0ria per a la incorporaci\u00f3 al m\u00f3n laboral o per a l&#8217;acc\u00e9s posterior a un [&hellip;]<\/p>\n","protected":false},"author":4,"featured_media":0,"parent":4496,"menu_order":0,"comment_status":"closed","ping_status":"closed","template":"","meta":{"slim_seo":{"title":"PFI \u2014 C\u00e0psula! Orientaci\u00f3 acad\u00e8mica i professional a Osona.","description":"Tota la informaci\u00f3 i oferta de programes de formaci\u00f3 i inserci\u00f3 a la comarca d'Osona."},"footnotes":"","_wp_rev_ctl_limit":""},"class_list":["post-95","page","type-page","status-publish","hentry"],"_links":{"self":[{"href":"https:\/\/osonajove.cat\/capsula\/wp-json\/wp\/v2\/pages\/95","targetHints":{"allow":["GET"]}}],"collection":[{"href":"https:\/\/osonajove.cat\/capsula\/wp-json\/wp\/v2\/pages"}],"about":[{"href":"https:\/\/osonajove.cat\/capsula\/wp-json\/wp\/v2\/types\/page"}],"author":[{"embeddable":true,"href":"https:\/\/osonajove.cat\/capsula\/wp-json\/wp\/v2\/users\/4"}],"replies":[{"embeddable":true,"href":"https:\/\/osonajove.cat\/capsula\/wp-json\/wp\/v2\/comments?post=95"}],"version-history":[{"count":4,"href":"https:\/\/osonajove.cat\/capsula\/wp-json\/wp\/v2\/pages\/95\/revisions"}],"predecessor-version":[{"id":5583,"href":"https:\/\/osonajove.cat\/capsula\/wp-json\/wp\/v2\/pages\/95\/revisions\/5583"}],"up":[{"embeddable":true,"href":"https:\/\/osonajove.cat\/capsula\/wp-json\/wp\/v2\/pages\/4496"}],"wp:attachment":[{"href":"https:\/\/osonajove.cat\/capsula\/wp-json\/wp\/v2\/media?parent=95"}],"curies":[{"name":"wp","href":"https:\/\/api.w.org\/{rel}","templated":true}]}}