{"id":5277,"date":"2025-07-16T12:46:38","date_gmt":"2025-07-16T10:46:38","guid":{"rendered":"https:\/\/osonajove.cat\/capsula\/?page_id=5277"},"modified":"2025-12-04T13:46:33","modified_gmt":"2025-12-04T11:46:33","slug":"noves-oportunitats","status":"publish","type":"page","link":"https:\/\/osonajove.cat\/capsula\/noves-oportunitats\/","title":{"rendered":"Noves oportunitats"},"content":{"rendered":"\t\t<div data-elementor-type=\"wp-page\" data-elementor-id=\"5277\" class=\"elementor elementor-5277\" data-elementor-post-type=\"page\">\n\t\t\t\t\t\t<section class=\"elementor-section elementor-top-section elementor-element elementor-element-1dc0983 elementor-section-boxed elementor-section-height-default elementor-section-height-default\" data-id=\"1dc0983\" data-element_type=\"section\" data-e-type=\"section\">\n\t\t\t\t\t\t<div class=\"elementor-container elementor-column-gap-default\">\n\t\t\t\t\t<div class=\"elementor-column elementor-col-100 elementor-top-column elementor-element elementor-element-e99c925\" data-id=\"e99c925\" data-element_type=\"column\" data-e-type=\"column\">\n\t\t\t<div class=\"elementor-widget-wrap elementor-element-populated\">\n\t\t\t\t\t\t<div class=\"elementor-element elementor-element-d77fa41 elementor-widget elementor-widget-text-editor\" data-id=\"d77fa41\" data-element_type=\"widget\" data-e-type=\"widget\" data-widget_type=\"text-editor.default\">\n\t\t\t\t\t\t\t\t\t<p>Oferta formativa<\/p>\t\t\t\t\t\t\t\t<\/div>\n\t\t\t\t\t<\/div>\n\t\t<\/div>\n\t\t\t\t\t<\/div>\n\t\t<\/section>\n\t\t\t\t<section class=\"elementor-section elementor-top-section elementor-element elementor-element-793486d elementor-section-boxed elementor-section-height-default elementor-section-height-default\" data-id=\"793486d\" data-element_type=\"section\" data-e-type=\"section\">\n\t\t\t\t\t\t<div class=\"elementor-container elementor-column-gap-default\">\n\t\t\t\t\t<div class=\"elementor-column elementor-col-66 elementor-top-column elementor-element elementor-element-04f741e\" data-id=\"04f741e\" data-element_type=\"column\" data-e-type=\"column\">\n\t\t\t<div class=\"elementor-widget-wrap elementor-element-populated\">\n\t\t\t\t\t\t<div class=\"elementor-element elementor-element-f7ab21f elementor-widget elementor-widget-text-editor\" data-id=\"f7ab21f\" data-element_type=\"widget\" data-e-type=\"widget\" data-widget_type=\"text-editor.default\">\n\t\t\t\t\t\t\t\t\t<h3>Aqu\u00ed trobar\u00e0s tots els recursos en l&#8217;\u00e0mbit de les Noves Oportunitats Educatives adre\u00e7ats a joves de la comarca d&#8217;Osona.<\/h3>\t\t\t\t\t\t\t\t<\/div>\n\t\t\t\t<div class=\"elementor-element elementor-element-fde787e elementor-widget elementor-widget-text-editor\" data-id=\"fde787e\" data-element_type=\"widget\" data-e-type=\"widget\" data-widget_type=\"text-editor.default\">\n\t\t\t\t\t\t\t\t\t<p>Filtra pel teu municipi, tipus de recurs que t&#8217;interessa i les teves caracter\u00edstiques prersonals, i podr\u00e0s veure a quins recursos de la comarca pots accedir.<\/p><p>Els recursos que hi ha al cercador, donen resposta a les necessitats d&#8217;acompanyament i orientaci\u00f3, formaci\u00f3n i inserci\u00f3 laboral, entre d&#8217;altres.<\/p>\t\t\t\t\t\t\t\t<\/div>\n\t\t\t\t\t<\/div>\n\t\t<\/div>\n\t\t\t\t<div class=\"elementor-column elementor-col-33 elementor-top-column elementor-element elementor-element-0cf999c\" data-id=\"0cf999c\" data-element_type=\"column\" data-e-type=\"column\">\n\t\t\t<div class=\"elementor-widget-wrap elementor-element-populated\">\n\t\t\t\t\t\t<div class=\"elementor-element elementor-element-3c3ee31 elementor-widget elementor-widget-button\" data-id=\"3c3ee31\" data-element_type=\"widget\" data-e-type=\"widget\" data-widget_type=\"button.default\">\n\t\t\t\t\t\t\t\t\t\t<a class=\"elementor-button elementor-button-link elementor-size-sm\" href=\"#elementor-action%3Aaction%3Dpopup%3Aopen%26settings%3DeyJpZCI6IjU0NDgiLCJ0b2dnbGUiOmZhbHNlfQ%3D%3D\" target=\"_blank\">\n\t\t\t\t\t\t<span class=\"elementor-button-content-wrapper\">\n\t\t\t\t\t\t\t\t\t<span class=\"elementor-button-text\">M\u00e9s informaci\u00f3 al teu punt jove<\/span>\n\t\t\t\t\t<\/span>\n\t\t\t\t\t<\/a>\n\t\t\t\t\t\t\t\t<\/div>\n\t\t\t\t\t<\/div>\n\t\t<\/div>\n\t\t\t\t\t<\/div>\n\t\t<\/section>\n\t\t\t\t<section class=\"elementor-section elementor-top-section elementor-element elementor-element-7ef15d9 elementor-section-boxed elementor-section-height-default elementor-section-height-default\" data-id=\"7ef15d9\" data-element_type=\"section\" data-e-type=\"section\">\n\t\t\t\t\t\t<div class=\"elementor-container elementor-column-gap-default\">\n\t\t\t\t\t<div class=\"elementor-column elementor-col-100 elementor-top-column elementor-element elementor-element-5857610\" data-id=\"5857610\" data-element_type=\"column\" data-e-type=\"column\">\n\t\t\t<div class=\"elementor-widget-wrap elementor-element-populated\">\n\t\t\t\t\t\t<div class=\"elementor-element elementor-element-ecf4d1f elementor-widget elementor-widget-heading\" data-id=\"ecf4d1f\" data-element_type=\"widget\" data-e-type=\"widget\" data-widget_type=\"heading.default\">\n\t\t\t\t\t<h2 class=\"elementor-heading-title elementor-size-default\">Recursos per a joves<\/h2>\t\t\t\t<\/div>\n\t\t\t\t\t<\/div>\n\t\t<\/div>\n\t\t\t\t\t<\/div>\n\t\t<\/section>\n\t\t<div class=\"elementor-element elementor-element-1556d08 e-flex e-con-boxed e-con e-parent\" data-id=\"1556d08\" data-element_type=\"container\" data-e-type=\"container\">\n\t\t\t\t\t<div class=\"e-con-inner\">\n\t\t<div class=\"elementor-element elementor-element-332ab94 e-con-full e-flex e-con e-child\" data-id=\"332ab94\" data-element_type=\"container\" data-e-type=\"container\">\n\t\t\t\t<div class=\"elementor-element elementor-element-762e256 elementor-widget elementor-widget-heading\" data-id=\"762e256\" data-element_type=\"widget\" data-e-type=\"widget\" data-widget_type=\"heading.default\">\n\t\t\t\t\t<h5 class=\"elementor-heading-title elementor-size-default\">Filtra per<\/h5>\t\t\t\t<\/div>\n\t\t\t\t<div class=\"elementor-element elementor-element-b76dc10 jet-smart-filter-content-position-column jet-smart-filter-group-position-column elementor-widget elementor-widget-jet-smart-filters-select\" data-id=\"b76dc10\" data-element_type=\"widget\" data-e-type=\"widget\" data-widget_type=\"jet-smart-filters-select.default\">\n\t\t\t\t<div class=\"elementor-widget-container\">\n\t\t\t\t\t<div class=\"jet-smart-filters-select jet-filter \" data-indexer-rule=\"show\" data-show-counter=\"\" data-change-counter=\"always\"><div class=\"jet-filter-label\">Tipus de centre<\/div>\n<div class=\"jet-select\" data-query-type=\"tax_query\" data-query-var=\"tipus_de_centre\" data-smart-filter=\"select\" data-filter-id=\"5295\" data-apply-type=\"ajax\" data-content-provider=\"epro-posts\" data-additional-providers=\"\" data-query-id=\"default\" data-active-label=\"\" data-layout-options=\"{&quot;show_label&quot;:true,&quot;display_options&quot;:{&quot;show_items_label&quot;:false,&quot;show_decorator&quot;:false,&quot;filter_image_size&quot;:&quot;full&quot;,&quot;show_counter&quot;:false}}\" data-query-var-suffix=\"\" data-apply-on=\"value\">\n\t\t\t\t<select\n\t\t\tclass=\"jet-select__control\"\n\t\t\tname=\"tipus_de_centre\"\n\t\t\t\t\t\taria-label=\"Tipus de centre\"\n\t\t>\n\t\t\n\t\t\t\t\t<option\n\t\t\t\tvalue=\"\"\n\t\t\t\tdata-label=\"Tots\"\n\t\t\t\tdata-counter-prefix=\"\"\n\t\t\t\tdata-counter-suffix=\"\"\n\t\t\t\t\t\t\t\t\t\t\t>Tots<\/option>\n\t\t\t\t\t\t<option\n\t\t\t\tvalue=\"109\"\n\t\t\t\tdata-label=\"Altres centres\"\n\t\t\t\tdata-counter-prefix=\"\"\n\t\t\t\tdata-counter-suffix=\"\"\n\t\t\t\t\t\t\t\t\t\t\t>Altres centres<\/option>\n\t\t\t\t\t\t<option\n\t\t\t\tvalue=\"102\"\n\t\t\t\tdata-label=\"Centre de Formaci\u00f3 de persones Adultes\"\n\t\t\t\tdata-counter-prefix=\"\"\n\t\t\t\tdata-counter-suffix=\"\"\n\t\t\t\t\t\t\t\t\t\t\t>Centre de Formaci\u00f3 de persones Adultes<\/option>\n\t\t\t\t\t\t<option\n\t\t\t\tvalue=\"108\"\n\t\t\t\tdata-label=\"Escola de Noves Oportunitats\"\n\t\t\t\tdata-counter-prefix=\"\"\n\t\t\t\tdata-counter-suffix=\"\"\n\t\t\t\t\t\t\t\t\t\t\t>Escola de Noves Oportunitats<\/option>\n\t\t\t\t\t\t<option\n\t\t\t\tvalue=\"114\"\n\t\t\t\tdata-label=\"Formaci\u00f3 professional ocupacional\"\n\t\t\t\tdata-counter-prefix=\"\"\n\t\t\t\tdata-counter-suffix=\"\"\n\t\t\t\t\t\t\t\t\t\t\t>Formaci\u00f3 professional ocupacional<\/option>\n\t\t\t<\/select>\n\t<\/div>\n<\/div>\t\t\t\t<\/div>\n\t\t\t\t<\/div>\n\t\t\t\t<div class=\"elementor-element elementor-element-f65d66e jet-smart-filter-content-position-column jet-smart-filter-group-position-column elementor-widget elementor-widget-jet-smart-filters-select\" data-id=\"f65d66e\" data-element_type=\"widget\" data-e-type=\"widget\" data-widget_type=\"jet-smart-filters-select.default\">\n\t\t\t\t<div class=\"elementor-widget-container\">\n\t\t\t\t\t<div class=\"jet-smart-filters-select jet-filter \" data-indexer-rule=\"show\" data-show-counter=\"\" data-change-counter=\"always\"><div class=\"jet-filter-label\">Tipus de formaci\u00f3<\/div>\n<div class=\"jet-select\" data-query-type=\"tax_query\" data-query-var=\"tipus_de_formacio\" data-smart-filter=\"select\" data-filter-id=\"5299\" data-apply-type=\"ajax\" data-content-provider=\"epro-posts\" data-additional-providers=\"\" data-query-id=\"default\" data-active-label=\"\" data-layout-options=\"{&quot;show_label&quot;:true,&quot;display_options&quot;:{&quot;show_items_label&quot;:false,&quot;show_decorator&quot;:false,&quot;filter_image_size&quot;:&quot;full&quot;,&quot;show_counter&quot;:false}}\" data-query-var-suffix=\"\" data-apply-on=\"value\">\n\t\t\t\t<select\n\t\t\tclass=\"jet-select__control\"\n\t\t\tname=\"tipus_de_formacio\"\n\t\t\t\t\t\taria-label=\"Tipus de formaci\u00f3\"\n\t\t>\n\t\t\n\t\t\t\t\t<option\n\t\t\t\tvalue=\"\"\n\t\t\t\tdata-label=\"Tots\"\n\t\t\t\tdata-counter-prefix=\"\"\n\t\t\t\tdata-counter-suffix=\"\"\n\t\t\t\t\t\t\t\t\t\t\t>Tots<\/option>\n\t\t\t\t\t\t<option\n\t\t\t\tvalue=\"103\"\n\t\t\t\tdata-label=\"Catal\u00e0\"\n\t\t\t\tdata-counter-prefix=\"\"\n\t\t\t\tdata-counter-suffix=\"\"\n\t\t\t\t\t\t\t\t\t\t\t>Catal\u00e0<\/option>\n\t\t\t\t\t\t<option\n\t\t\t\tvalue=\"104\"\n\t\t\t\tdata-label=\"Compet\u00e8ncies digitals\"\n\t\t\t\tdata-counter-prefix=\"\"\n\t\t\t\tdata-counter-suffix=\"\"\n\t\t\t\t\t\t\t\t\t\t\t>Compet\u00e8ncies digitals<\/option>\n\t\t\t\t\t\t<option\n\t\t\t\tvalue=\"105\"\n\t\t\t\tdata-label=\"Formaci\u00f3 instrumental\"\n\t\t\t\tdata-counter-prefix=\"\"\n\t\t\t\tdata-counter-suffix=\"\"\n\t\t\t\t\t\t\t\t\t\t\t>Formaci\u00f3 instrumental<\/option>\n\t\t\t\t\t\t<option\n\t\t\t\tvalue=\"111\"\n\t\t\t\tdata-label=\"Formaci\u00f3 professional dual\"\n\t\t\t\tdata-counter-prefix=\"\"\n\t\t\t\tdata-counter-suffix=\"\"\n\t\t\t\t\t\t\t\t\t\t\t>Formaci\u00f3 professional dual<\/option>\n\t\t\t\t\t\t<option\n\t\t\t\tvalue=\"110\"\n\t\t\t\tdata-label=\"Formaci\u00f3 professional ocupacional\"\n\t\t\t\tdata-counter-prefix=\"\"\n\t\t\t\tdata-counter-suffix=\"\"\n\t\t\t\t\t\t\t\t\t\t\t>Formaci\u00f3 professional ocupacional<\/option>\n\t\t\t\t\t\t<option\n\t\t\t\tvalue=\"113\"\n\t\t\t\tdata-label=\"Formacions a mida\"\n\t\t\t\tdata-counter-prefix=\"\"\n\t\t\t\tdata-counter-suffix=\"\"\n\t\t\t\t\t\t\t\t\t\t\t>Formacions a mida<\/option>\n\t\t\t\t\t\t<option\n\t\t\t\tvalue=\"107\"\n\t\t\t\tdata-label=\"Graduat ESO\"\n\t\t\t\tdata-counter-prefix=\"\"\n\t\t\t\tdata-counter-suffix=\"\"\n\t\t\t\t\t\t\t\t\t\t\t>Graduat ESO<\/option>\n\t\t\t\t\t\t<option\n\t\t\t\tvalue=\"106\"\n\t\t\t\tdata-label=\"Proves d'acc\u00e9s\"\n\t\t\t\tdata-counter-prefix=\"\"\n\t\t\t\tdata-counter-suffix=\"\"\n\t\t\t\t\t\t\t\t\t\t\t>Proves d'acc\u00e9s<\/option>\n\t\t\t<\/select>\n\t<\/div>\n<\/div>\t\t\t\t<\/div>\n\t\t\t\t<\/div>\n\t\t\t\t<\/div>\n\t\t<div class=\"elementor-element elementor-element-60dc5c9 e-con-full e-flex e-con e-child\" data-id=\"60dc5c9\" data-element_type=\"container\" data-e-type=\"container\">\n\t\t\t\t<div class=\"elementor-element elementor-element-982084d elementor-grid-2 elementor-grid-tablet-1 elementor-posts--thumbnail-none elementor-grid-mobile-1 elementor-widget elementor-widget-posts\" data-id=\"982084d\" data-element_type=\"widget\" data-e-type=\"widget\" data-settings=\"{&quot;classic_columns&quot;:&quot;2&quot;,&quot;classic_columns_tablet&quot;:&quot;1&quot;,&quot;classic_row_gap&quot;:{&quot;unit&quot;:&quot;px&quot;,&quot;size&quot;:4,&quot;sizes&quot;:[]},&quot;pagination_type&quot;:&quot;numbers&quot;,&quot;classic_columns_mobile&quot;:&quot;1&quot;,&quot;classic_row_gap_tablet&quot;:{&quot;unit&quot;:&quot;px&quot;,&quot;size&quot;:&quot;&quot;,&quot;sizes&quot;:[]},&quot;classic_row_gap_mobile&quot;:{&quot;unit&quot;:&quot;px&quot;,&quot;size&quot;:&quot;&quot;,&quot;sizes&quot;:[]}}\" data-widget_type=\"posts.classic\">\n\t\t\t\t<div class=\"elementor-widget-container\">\n\t\t\t\t\t\t\t<div class=\"elementor-posts-container elementor-posts elementor-posts--skin-classic elementor-grid\" role=\"list\">\n\t\t\t\t<article class=\"elementor-post elementor-grid-item post-5553 noe25 type-noe25 status-publish hentry tipus_de_centre-altres-centres tipus_de_formacio-catala\" role=\"listitem\">\n\t\t\t\t<div class=\"elementor-post__text\">\n\t\t\t\t<h3 class=\"elementor-post__title\">\n\t\t\t<a href=\"https:\/\/osonajove.cat\/capsula\/noe25\/associacio-disminuits-fisics-dosona-adfo\/\" >\n\t\t\t\tAssociaci\u00f3 disminu\u00efts f\u00edsics d&#8217;Osona (ADFO)\t\t\t<\/a>\n\t\t<\/h3>\n\t\t\t\t<div class=\"elementor-post__excerpt\">\n\t\t\t<p>El Servei d\u2019Inserci\u00f3 Laboral de l\u2019ADFO acompanya persones amb discapacitat<\/p>\n\t\t<\/div>\n\t\t\t\t<\/div>\n\t\t\t\t<\/article>\n\t\t\t\t<article class=\"elementor-post elementor-grid-item post-5563 noe25 type-noe25 status-publish hentry tipus_de_centre-altres-centres tipus_de_formacio-catala\" role=\"listitem\">\n\t\t\t\t<div class=\"elementor-post__text\">\n\t\t\t\t<h3 class=\"elementor-post__title\">\n\t\t\t<a href=\"https:\/\/osonajove.cat\/capsula\/noe25\/aula-de-formacio-i-cultura-de-balenya\/\" >\n\t\t\t\tAula de Formaci\u00f3 i Cultura de Baleny\u00e0\t\t\t<\/a>\n\t\t<\/h3>\n\t\t\t\t<div class=\"elementor-post__excerpt\">\n\t\t\t<p>Escola de persones adultes de Baleny\u00e0 on s\u2019ofereix un gran<\/p>\n\t\t<\/div>\n\t\t\t\t<\/div>\n\t\t\t\t<\/article>\n\t\t\t\t<article class=\"elementor-post elementor-grid-item post-5337 noe25 type-noe25 status-publish hentry tipus_de_centre-centre-de-formacio-de-persones-adultes tipus_de_formacio-catala tipus_de_formacio-competencies-digitals tipus_de_formacio-formacio-instrumental tipus_de_formacio-graduat-eso tipus_de_formacio-proves-dacces\" role=\"listitem\">\n\t\t\t\t<div class=\"elementor-post__text\">\n\t\t\t\t<h3 class=\"elementor-post__title\">\n\t\t\t<a href=\"https:\/\/osonajove.cat\/capsula\/noe25\/cfa-montseny-2-duplica\/\" >\n\t\t\t\tAula Oberta Tona\t\t\t<\/a>\n\t\t<\/h3>\n\t\t\t\t<div class=\"elementor-post__excerpt\">\n\t\t\t<p>L&#8217;Aula Oberta de Tona &#8230;. CAL AFEGIR DESCRIPCI\u00d3 DEL CENTRE<\/p>\n\t\t<\/div>\n\t\t\t\t<\/div>\n\t\t\t\t<\/article>\n\t\t\t\t<article class=\"elementor-post elementor-grid-item post-5379 noe25 type-noe25 status-publish hentry tipus_de_centre-formacio-professional-ocupacional tipus_de_formacio-formacio-professional-dual tipus_de_formacio-formacio-professional-ocupacional\" role=\"listitem\">\n\t\t\t\t<div class=\"elementor-post__text\">\n\t\t\t\t<h3 class=\"elementor-post__title\">\n\t\t\t<a href=\"https:\/\/osonajove.cat\/capsula\/noe25\/aurora\/\" >\n\t\t\t\tAurora\t\t\t<\/a>\n\t\t<\/h3>\n\t\t\t\t<div class=\"elementor-post__excerpt\">\n\t\t\t<p>Aurora \u00e9s una cooperativa de gesti\u00f3 de projectes socials ubicada<\/p>\n\t\t<\/div>\n\t\t\t\t<\/div>\n\t\t\t\t<\/article>\n\t\t\t\t<article class=\"elementor-post elementor-grid-item post-5548 noe25 type-noe25 status-publish hentry tipus_de_centre-altres-centres tipus_de_formacio-catala\" role=\"listitem\">\n\t\t\t\t<div class=\"elementor-post__text\">\n\t\t\t\t<h3 class=\"elementor-post__title\">\n\t\t\t<a href=\"https:\/\/osonajove.cat\/capsula\/noe25\/centre-de-formacio-i-insercio-laboral-eina-fundacio-sant-tomas\/\" >\n\t\t\t\tCentre de formaci\u00f3 i inserci\u00f3 laboral Eina (Fundaci\u00f3 Sant Tom\u00e0s)\t\t\t<\/a>\n\t\t<\/h3>\n\t\t\t\t<div class=\"elementor-post__excerpt\">\n\t\t\t<p>Eina \u00e9s un centre de formaci\u00f3 que ofereix cursos i<\/p>\n\t\t<\/div>\n\t\t\t\t<\/div>\n\t\t\t\t<\/article>\n\t\t\t\t<article class=\"elementor-post elementor-grid-item post-5352 noe25 type-noe25 status-publish hentry tipus_de_centre-centre-de-formacio-de-persones-adultes tipus_de_formacio-catala tipus_de_formacio-competencies-digitals tipus_de_formacio-formacio-instrumental tipus_de_formacio-graduat-eso tipus_de_formacio-proves-dacces\" role=\"listitem\">\n\t\t\t\t<div class=\"elementor-post__text\">\n\t\t\t\t<h3 class=\"elementor-post__title\">\n\t\t\t<a href=\"https:\/\/osonajove.cat\/capsula\/noe25\/cfa-marti-i-pol\/\" >\n\t\t\t\tCFA Mart\u00ed i Pol\t\t\t<\/a>\n\t\t<\/h3>\n\t\t\t\t<div class=\"elementor-post__excerpt\">\n\t\t\t<p>El CFA Mart\u00ed i Pol \u00e9s un centre obert que<\/p>\n\t\t<\/div>\n\t\t\t\t<\/div>\n\t\t\t\t<\/article>\n\t\t\t\t<article class=\"elementor-post elementor-grid-item post-5349 noe25 type-noe25 status-publish hentry tipus_de_centre-centre-de-formacio-de-persones-adultes tipus_de_formacio-catala tipus_de_formacio-competencies-digitals tipus_de_formacio-formacio-instrumental tipus_de_formacio-graduat-eso tipus_de_formacio-proves-dacces\" role=\"listitem\">\n\t\t\t\t<div class=\"elementor-post__text\">\n\t\t\t\t<h3 class=\"elementor-post__title\">\n\t\t\t<a href=\"https:\/\/osonajove.cat\/capsula\/noe25\/cfa-montseny\/\" >\n\t\t\t\tCFA Montseny\t\t\t<\/a>\n\t\t<\/h3>\n\t\t\t\t<div class=\"elementor-post__excerpt\">\n\t\t\t<p>El Centre de Formaci\u00f3 d\u2019Adults Montseny \u00e9s un centre p\u00fablic<\/p>\n\t\t<\/div>\n\t\t\t\t<\/div>\n\t\t\t\t<\/article>\n\t\t\t\t<article class=\"elementor-post elementor-grid-item post-5382 noe25 type-noe25 status-publish hentry tipus_de_centre-altres-centres tipus_de_formacio-catala\" role=\"listitem\">\n\t\t\t\t<div class=\"elementor-post__text\">\n\t\t\t\t<h3 class=\"elementor-post__title\">\n\t\t\t<a href=\"https:\/\/osonajove.cat\/capsula\/noe25\/consorci-per-la-normalitzacio-linuistica-cpnl\/\" >\n\t\t\t\tConsorci per la Normalitzaci\u00f3 Lin\u00fc\u00edstica (CPNL)\t\t\t<\/a>\n\t\t<\/h3>\n\t\t\t\t<div class=\"elementor-post__excerpt\">\n\t\t\t<p>El Consorci per a la Normalitzaci\u00f3 Ling\u00fc\u00edstica (CPNL) organitza cursos<\/p>\n\t\t<\/div>\n\t\t\t\t<\/div>\n\t\t\t\t<\/article>\n\t\t\t\t<article class=\"elementor-post elementor-grid-item post-5333 noe25 type-noe25 status-publish hentry tipus_de_centre-centre-de-formacio-de-persones-adultes tipus_de_formacio-catala tipus_de_formacio-competencies-digitals tipus_de_formacio-formacio-instrumental tipus_de_formacio-graduat-eso tipus_de_formacio-proves-dacces\" role=\"listitem\">\n\t\t\t\t<div class=\"elementor-post__text\">\n\t\t\t\t<h3 class=\"elementor-post__title\">\n\t\t\t<a href=\"https:\/\/osonajove.cat\/capsula\/noe25\/epa-centelles\/\" >\n\t\t\t\tEPA Centelles\t\t\t<\/a>\n\t\t<\/h3>\n\t\t\t\t<div class=\"elementor-post__excerpt\">\n\t\t\t<p>L&#8217;Escola de Persones Adultes de Centelles &#8230;. CAL AFEGIR DESCRIPCI\u00d3<\/p>\n\t\t<\/div>\n\t\t\t\t<\/div>\n\t\t\t\t<\/article>\n\t\t\t\t<article class=\"elementor-post elementor-grid-item post-5331 noe25 type-noe25 status-publish hentry tipus_de_centre-escola-de-noves-oportunitats tipus_de_formacio-formacio-instrumental tipus_de_formacio-formacio-professional-dual tipus_de_formacio-formacio-professional-ocupacional\" role=\"listitem\">\n\t\t\t\t<div class=\"elementor-post__text\">\n\t\t\t\t<h3 class=\"elementor-post__title\">\n\t\t\t<a href=\"https:\/\/osonajove.cat\/capsula\/noe25\/escola-de-noves-oportunitats-albir\/\" >\n\t\t\t\tEscola de Noves Oportunitats Albir\t\t\t<\/a>\n\t\t<\/h3>\n\t\t\t\t<div class=\"elementor-post__excerpt\">\n\t\t\t<p>L&#8217;Escola de Noves Oportunitats Albir \u00e9s un projecte d\u2019acompanyament, orientaci\u00f3<\/p>\n\t\t<\/div>\n\t\t\t\t<\/div>\n\t\t\t\t<\/article>\n\t\t\t\t<article class=\"elementor-post elementor-grid-item post-5359 noe25 type-noe25 status-publish hentry tipus_de_centre-altres-centres tipus_de_formacio-formacions-a-mida\" role=\"listitem\">\n\t\t\t\t<div class=\"elementor-post__text\">\n\t\t\t\t<h3 class=\"elementor-post__title\">\n\t\t\t<a href=\"https:\/\/osonajove.cat\/capsula\/noe25\/fera-ferotge\/\" >\n\t\t\t\tFera Ferotge\t\t\t<\/a>\n\t\t<\/h3>\n\t\t\t\t<div class=\"elementor-post__excerpt\">\n\t\t\t<p>La Fera Ferotge \u00e9s una cooperativa sense \u00e0nim de lucre<\/p>\n\t\t<\/div>\n\t\t\t\t<\/div>\n\t\t\t\t<\/article>\n\t\t\t\t<article class=\"elementor-post elementor-grid-item post-5511 noe25 type-noe25 status-publish hentry tipus_de_centre-altres-centres tipus_de_formacio-catala\" role=\"listitem\">\n\t\t\t\t<div class=\"elementor-post__text\">\n\t\t\t\t<h3 class=\"elementor-post__title\">\n\t\t\t<a href=\"https:\/\/osonajove.cat\/capsula\/noe25\/oficina-de-treball-vic-soc\/\" >\n\t\t\t\tOficina de Treball Vic &#8211; SOC\t\t\t<\/a>\n\t\t<\/h3>\n\t\t\t\t<div class=\"elementor-post__excerpt\">\n\t\t\t<p>El sistema d&#8217;ocupaci\u00f3 de Catalunya \u00e9s el conjunt d&#8217;entitats, serveis<\/p>\n\t\t<\/div>\n\t\t\t\t<\/div>\n\t\t\t\t<\/article>\n\t\t\t\t<article class=\"elementor-post elementor-grid-item post-5557 noe25 type-noe25 status-publish hentry tipus_de_centre-altres-centres tipus_de_formacio-catala\" role=\"listitem\">\n\t\t\t\t<div class=\"elementor-post__text\">\n\t\t\t\t<h3 class=\"elementor-post__title\">\n\t\t\t<a href=\"https:\/\/osonajove.cat\/capsula\/noe25\/pauta-centre-de-formacio\/\" >\n\t\t\t\tPAUTA &#8211; Centre de Formaci\u00f3\t\t\t<\/a>\n\t\t<\/h3>\n\t\t\t\t<div class=\"elementor-post__excerpt\">\n\t\t\t<p>Pauta de Tona \u00e9s un centre de formaci\u00f3 inaugurat l&#8217;any<\/p>\n\t\t<\/div>\n\t\t\t\t<\/div>\n\t\t\t\t<\/article>\n\t\t\t\t<article class=\"elementor-post elementor-grid-item post-5267 noe25 type-noe25 status-publish hentry tipus_de_centre-altres-centres tipus_de_formacio-catala\" role=\"listitem\">\n\t\t\t\t<div class=\"elementor-post__text\">\n\t\t\t\t<h3 class=\"elementor-post__title\">\n\t\t\t<a href=\"https:\/\/osonajove.cat\/capsula\/noe25\/cfa-montseny-2\/\" >\n\t\t\t\tPlantilla per duplicar\t\t\t<\/a>\n\t\t<\/h3>\n\t\t\t\t<div class=\"elementor-post__excerpt\">\n\t\t\t<p>El Consorci per a la Normalitzaci\u00f3 Ling\u00fc\u00edstica (CPNL) organitza cursos<\/p>\n\t\t<\/div>\n\t\t\t\t<\/div>\n\t\t\t\t<\/article>\n\t\t\t\t<\/div>\n\t\t\n\t\t\t\t\t\t<\/div>\n\t\t\t\t<\/div>\n\t\t\t\t<\/div>\n\t\t\t\t\t<\/div>\n\t\t\t\t<\/div>\n\t\t\t\t<\/div>\n\t\t","protected":false},"excerpt":{"rendered":"<p>Oferta formativa Aqu\u00ed trobar\u00e0s tots els recursos en l&#8217;\u00e0mbit de les Noves Oportunitats Educatives adre\u00e7ats a joves de la comarca d&#8217;Osona. Filtra pel teu municipi, tipus de recurs que t&#8217;interessa i les teves caracter\u00edstiques prersonals, i podr\u00e0s veure a quins recursos de la comarca pots accedir. Els recursos que hi ha al cercador, donen resposta [&hellip;]<\/p>\n","protected":false},"author":4,"featured_media":0,"parent":0,"menu_order":0,"comment_status":"closed","ping_status":"closed","template":"","meta":{"slim_seo":{"title":"Plantilla per duplicar - C\u00e0psula","description":"El Consorci per a la Normalitzaci\u00f3 Ling\u00fc\u00edstica (CPNL) organitza cursos de catal\u00e0 per a les persones que volen aprendre a parlar en catal\u00e0 amb flu\u00efdesa i correcc"},"footnotes":"","_wp_rev_ctl_limit":""},"class_list":["post-5277","page","type-page","status-publish","hentry"],"_links":{"self":[{"href":"https:\/\/osonajove.cat\/capsula\/wp-json\/wp\/v2\/pages\/5277","targetHints":{"allow":["GET"]}}],"collection":[{"href":"https:\/\/osonajove.cat\/capsula\/wp-json\/wp\/v2\/pages"}],"about":[{"href":"https:\/\/osonajove.cat\/capsula\/wp-json\/wp\/v2\/types\/page"}],"author":[{"embeddable":true,"href":"https:\/\/osonajove.cat\/capsula\/wp-json\/wp\/v2\/users\/4"}],"replies":[{"embeddable":true,"href":"https:\/\/osonajove.cat\/capsula\/wp-json\/wp\/v2\/comments?post=5277"}],"version-history":[{"count":4,"href":"https:\/\/osonajove.cat\/capsula\/wp-json\/wp\/v2\/pages\/5277\/revisions"}],"predecessor-version":[{"id":5453,"href":"https:\/\/osonajove.cat\/capsula\/wp-json\/wp\/v2\/pages\/5277\/revisions\/5453"}],"wp:attachment":[{"href":"https:\/\/osonajove.cat\/capsula\/wp-json\/wp\/v2\/media?parent=5277"}],"curies":[{"name":"wp","href":"https:\/\/api.w.org\/{rel}","templated":true}]}}