{"id":4478,"date":"2023-09-19T10:42:39","date_gmt":"2023-09-19T08:42:39","guid":{"rendered":"https:\/\/osonajove.cat\/capsula\/?page_id=4478"},"modified":"2025-02-14T12:30:56","modified_gmt":"2025-02-14T10:30:56","slug":"ensenyaments-artistics-i-esportius","status":"publish","type":"page","link":"https:\/\/osonajove.cat\/capsula\/formacio-professional\/ensenyaments-artistics-i-esportius\/","title":{"rendered":"Ensenyaments art\u00edstics i esportius"},"content":{"rendered":"\t\t<div data-elementor-type=\"wp-page\" data-elementor-id=\"4478\" class=\"elementor elementor-4478\" data-elementor-post-type=\"page\">\n\t\t\t\t\t\t<section class=\"elementor-section elementor-top-section elementor-element elementor-element-936acc2 elementor-section-boxed elementor-section-height-default elementor-section-height-default\" data-id=\"936acc2\" data-element_type=\"section\" data-e-type=\"section\">\n\t\t\t\t\t\t<div class=\"elementor-container elementor-column-gap-default\">\n\t\t\t\t\t<div class=\"elementor-column elementor-col-100 elementor-top-column elementor-element elementor-element-6654732\" data-id=\"6654732\" data-element_type=\"column\" data-e-type=\"column\">\n\t\t\t<div class=\"elementor-widget-wrap elementor-element-populated\">\n\t\t\t\t\t\t<div class=\"elementor-element elementor-element-fb47723 elementor-widget elementor-widget-text-editor\" data-id=\"fb47723\" data-element_type=\"widget\" data-e-type=\"widget\" data-widget_type=\"text-editor.default\">\n\t\t\t\t\t\t\t\t\t<p>Oferta formativa \/ <a href=\"https:\/\/osonajove.cat\/capsula\/formacio-professional\/\">Formaci\u00f3 Professional<\/a><\/p>\t\t\t\t\t\t\t\t<\/div>\n\t\t\t\t<div class=\"elementor-element elementor-element-e05344f elementor-widget elementor-widget-text-editor\" data-id=\"e05344f\" data-element_type=\"widget\" data-e-type=\"widget\" data-widget_type=\"text-editor.default\">\n\t\t\t\t\t\t\t\t\t<h3>S\u00f3n els ensenyaments espec\u00edfics, de grau mitj\u00e0 i de grau superior, <br \/>en \u00e0mbits esportius i art\u00edstics.<\/h3>\t\t\t\t\t\t\t\t<\/div>\n\t\t\t\t\t<\/div>\n\t\t<\/div>\n\t\t\t\t\t<\/div>\n\t\t<\/section>\n\t\t\t\t<section class=\"elementor-section elementor-top-section elementor-element elementor-element-4ea5009 elementor-section-boxed elementor-section-height-default elementor-section-height-default\" data-id=\"4ea5009\" data-element_type=\"section\" data-e-type=\"section\">\n\t\t\t\t\t\t<div class=\"elementor-container elementor-column-gap-default\">\n\t\t\t\t\t<div class=\"elementor-column elementor-col-66 elementor-top-column elementor-element elementor-element-0ace9f0\" data-id=\"0ace9f0\" data-element_type=\"column\" data-e-type=\"column\">\n\t\t\t<div class=\"elementor-widget-wrap elementor-element-populated\">\n\t\t\t\t\t\t<div class=\"elementor-element elementor-element-6f38b7f elementor-widget elementor-widget-text-editor\" data-id=\"6f38b7f\" data-element_type=\"widget\" data-e-type=\"widget\" data-widget_type=\"text-editor.default\">\n\t\t\t\t\t\t\t\t\t<p>Per accedir a aquest tipus d\u2019ensenyament \u00e9s necessari passar una prova espec\u00edfica de la modalitat que interessa cursar.<\/p><p><a href=\"https:\/\/triaeducativa.gencat.cat\/ca\/artistics-esportius\/\" target=\"_blank\" rel=\"noopener noreferrer nofollow\">+ Informaci\u00f3<\/a><\/p>\t\t\t\t\t\t\t\t<\/div>\n\t\t\t\t\t<\/div>\n\t\t<\/div>\n\t\t\t\t<div class=\"elementor-column elementor-col-33 elementor-top-column elementor-element elementor-element-fb62062\" data-id=\"fb62062\" data-element_type=\"column\" data-e-type=\"column\">\n\t\t\t<div class=\"elementor-widget-wrap\">\n\t\t\t\t\t\t\t<\/div>\n\t\t<\/div>\n\t\t\t\t\t<\/div>\n\t\t<\/section>\n\t\t\t\t<section class=\"elementor-section elementor-top-section elementor-element elementor-element-e390a0e elementor-section-boxed elementor-section-height-default elementor-section-height-default\" data-id=\"e390a0e\" data-element_type=\"section\" data-e-type=\"section\">\n\t\t\t\t\t\t<div class=\"elementor-container elementor-column-gap-default\">\n\t\t\t\t\t<div class=\"elementor-column elementor-col-33 elementor-top-column elementor-element elementor-element-cff564a\" data-id=\"cff564a\" data-element_type=\"column\" data-e-type=\"column\">\n\t\t\t<div class=\"elementor-widget-wrap elementor-element-populated\">\n\t\t\t\t\t\t<div class=\"elementor-element elementor-element-ff0cef4 elementor-widget elementor-widget-heading\" data-id=\"ff0cef4\" data-element_type=\"widget\" data-e-type=\"widget\" data-widget_type=\"heading.default\">\n\t\t\t\t\t<h3 class=\"elementor-heading-title elementor-size-default\">Arts pl\u00e0stiques i disseny<\/h3>\t\t\t\t<\/div>\n\t\t\t\t<div class=\"elementor-element elementor-element-960f880 llista-links elementor-widget elementor-widget-text-editor\" data-id=\"960f880\" data-element_type=\"widget\" data-e-type=\"widget\" data-widget_type=\"text-editor.default\">\n\t\t\t\t\t\t\t\t\t<p>CFGM<\/p>\n<ul>\n<li><a href=\"https:\/\/osonajove.cat\/capsula\/assistencia-al-producte-grafic-impres\/\">Assist\u00e8ncia al producte gr\u00e0fic impr\u00e8s<\/a><\/li>\n<li><a href=\"https:\/\/osonajove.cat\/capsula\/forja-artistica\/\">Forja art\u00edstica<\/a><\/li>\n<li><a href=\"https:\/\/osonajove.cat\/capsula\/seragrafia-artistica\/\">Serigrafia art\u00edstica<\/a><\/li>\n<\/ul>\n<p>CFGS<\/p>\n<ul>\n<li><a href=\"https:\/\/osonajove.cat\/capsula\/arts-aplicades-al-mur\/\">Arts aplicades al mur<\/a><\/li>\n<li><a href=\"https:\/\/osonajove.cat\/capsula\/ceramica-artistica\/\">Cer\u00e0mica art\u00edstica<\/a><\/li>\n<li><a href=\"https:\/\/osonajove.cat\/capsula\/grafica-interactiva\/\">Gr\u00e0fica interactiva<\/a><\/li>\n<li><a href=\"https:\/\/osonajove.cat\/capsula\/tecniques-escultoriques\/\">T\u00e8cniques escult\u00f2riques. Projectes escult\u00f2rics avan\u00e7ats<\/a><\/li>\n<li><a href=\"https:\/\/osonajove.cat\/capsula\/animacio-en-perfil-de-videojocs-i-espais-interactius\/\">Animaci\u00f3<\/a><\/li>\n<\/ul>\t\t\t\t\t\t\t\t<\/div>\n\t\t\t\t\t<\/div>\n\t\t<\/div>\n\t\t\t\t<div class=\"elementor-column elementor-col-33 elementor-top-column elementor-element elementor-element-367d9fa\" data-id=\"367d9fa\" data-element_type=\"column\" data-e-type=\"column\">\n\t\t\t<div class=\"elementor-widget-wrap elementor-element-populated\">\n\t\t\t\t\t\t<div class=\"elementor-element elementor-element-a7606d2 elementor-widget elementor-widget-heading\" data-id=\"a7606d2\" data-element_type=\"widget\" data-e-type=\"widget\" data-widget_type=\"heading.default\">\n\t\t\t\t\t<h3 class=\"elementor-heading-title elementor-size-default\">Ensenyaments esportius<\/h3>\t\t\t\t<\/div>\n\t\t\t\t<div class=\"elementor-element elementor-element-75185a9 llista-links elementor-widget elementor-widget-text-editor\" data-id=\"75185a9\" data-element_type=\"widget\" data-e-type=\"widget\" data-widget_type=\"text-editor.default\">\n\t\t\t\t\t\t\t\t\t<p>CEEGM<\/p><ul><li><a href=\"https:\/\/osonajove.cat\/capsula\/futbol\/\">Futbol<\/a><\/li><li><a href=\"https:\/\/osonajove.cat\/capsula\/basquetbol\/\">Basquetbol<\/a><\/li><li><a href=\"https:\/\/osonajove.cat\/capsula\/futbol-batxillerat\/\">Futbol + Batxillerat<\/a><\/li><li><a href=\"https:\/\/osonajove.cat\/capsula\/salvament-i-socorrisme\/\">Salvament i Socorrisme<\/a><\/li><li><a href=\"https:\/\/osonajove.cat\/capsula\/salvament-i-socorrisme-batxillerat\/\">Salvament i Socorrisme + Batxillerat<\/a><\/li><\/ul><p>CEEGS<\/p><ul><li><a href=\"https:\/\/osonajove.cat\/capsula\/basquetbol\/\">Basquetbol<\/a><\/li><li><a href=\"https:\/\/osonajove.cat\/capsula\/futbol-2\/\">Futbol<\/a><\/li><\/ul>\t\t\t\t\t\t\t\t<\/div>\n\t\t\t\t\t<\/div>\n\t\t<\/div>\n\t\t\t\t<div class=\"elementor-column elementor-col-33 elementor-top-column elementor-element elementor-element-399a99f\" data-id=\"399a99f\" data-element_type=\"column\" data-e-type=\"column\">\n\t\t\t<div class=\"elementor-widget-wrap elementor-element-populated\">\n\t\t\t\t\t\t\t<\/div>\n\t\t<\/div>\n\t\t\t\t\t<\/div>\n\t\t<\/section>\n\t\t\t\t<\/div>\n\t\t","protected":false},"excerpt":{"rendered":"<p>Oferta formativa \/ Formaci\u00f3 Professional S\u00f3n els ensenyaments espec\u00edfics, de grau mitj\u00e0 i de grau superior, en \u00e0mbits esportius i art\u00edstics. Per accedir a aquest tipus d\u2019ensenyament \u00e9s necessari passar una prova espec\u00edfica de la modalitat que interessa cursar. + Informaci\u00f3 Arts pl\u00e0stiques i disseny CFGM Assist\u00e8ncia al producte gr\u00e0fic impr\u00e8s Forja art\u00edstica Serigrafia art\u00edstica [&hellip;]<\/p>\n","protected":false},"author":4,"featured_media":0,"parent":4496,"menu_order":0,"comment_status":"closed","ping_status":"closed","template":"","meta":{"slim_seo":{"title":"Ensenyaments art\u00edstics i esportius - C\u00e0psula","description":"Oferta formativa \/ Formaci\u00f3 Professional S\u00f3n els ensenyaments espec\u00edfics, de grau mitj\u00e0 i de grau superior, en \u00e0mbits esportius i art\u00edstics. Per accedir a aques"},"footnotes":"","_wp_rev_ctl_limit":""},"class_list":["post-4478","page","type-page","status-publish","hentry"],"_links":{"self":[{"href":"https:\/\/osonajove.cat\/capsula\/wp-json\/wp\/v2\/pages\/4478","targetHints":{"allow":["GET"]}}],"collection":[{"href":"https:\/\/osonajove.cat\/capsula\/wp-json\/wp\/v2\/pages"}],"about":[{"href":"https:\/\/osonajove.cat\/capsula\/wp-json\/wp\/v2\/types\/page"}],"author":[{"embeddable":true,"href":"https:\/\/osonajove.cat\/capsula\/wp-json\/wp\/v2\/users\/4"}],"replies":[{"embeddable":true,"href":"https:\/\/osonajove.cat\/capsula\/wp-json\/wp\/v2\/comments?post=4478"}],"version-history":[{"count":4,"href":"https:\/\/osonajove.cat\/capsula\/wp-json\/wp\/v2\/pages\/4478\/revisions"}],"predecessor-version":[{"id":4984,"href":"https:\/\/osonajove.cat\/capsula\/wp-json\/wp\/v2\/pages\/4478\/revisions\/4984"}],"up":[{"embeddable":true,"href":"https:\/\/osonajove.cat\/capsula\/wp-json\/wp\/v2\/pages\/4496"}],"wp:attachment":[{"href":"https:\/\/osonajove.cat\/capsula\/wp-json\/wp\/v2\/media?parent=4478"}],"curies":[{"name":"wp","href":"https:\/\/api.w.org\/{rel}","templated":true}]}}