{"id":4470,"date":"2023-09-19T10:37:11","date_gmt":"2023-09-19T08:37:11","guid":{"rendered":"https:\/\/osonajove.cat\/capsula\/?page_id=4470"},"modified":"2023-09-19T13:10:09","modified_gmt":"2023-09-19T11:10:09","slug":"itineraris-formatius-especifics","status":"publish","type":"page","link":"https:\/\/osonajove.cat\/capsula\/formacio-professional\/itineraris-formatius-especifics\/","title":{"rendered":"Itineraris Formatius Espec\u00edfics (IFE)"},"content":{"rendered":"\t\t<div data-elementor-type=\"wp-page\" data-elementor-id=\"4470\" class=\"elementor elementor-4470\" data-elementor-post-type=\"page\">\n\t\t\t\t\t\t<section class=\"elementor-section elementor-top-section elementor-element elementor-element-44ce336 elementor-section-boxed elementor-section-height-default elementor-section-height-default\" data-id=\"44ce336\" data-element_type=\"section\" data-e-type=\"section\">\n\t\t\t\t\t\t<div class=\"elementor-container elementor-column-gap-default\">\n\t\t\t\t\t<div class=\"elementor-column elementor-col-100 elementor-top-column elementor-element elementor-element-743318a\" data-id=\"743318a\" data-element_type=\"column\" data-e-type=\"column\">\n\t\t\t<div class=\"elementor-widget-wrap elementor-element-populated\">\n\t\t\t\t\t\t<div class=\"elementor-element elementor-element-651972d elementor-widget elementor-widget-text-editor\" data-id=\"651972d\" data-element_type=\"widget\" data-e-type=\"widget\" data-widget_type=\"text-editor.default\">\n\t\t\t\t\t\t\t\t\t<p>Oferta formativa \/ <a href=\"https:\/\/osonajove.cat\/capsula\/formacio-professional\/\">Formaci\u00f3 Professional<\/a><\/p>\t\t\t\t\t\t\t\t<\/div>\n\t\t\t\t<div class=\"elementor-element elementor-element-8cdb89f elementor-widget elementor-widget-text-editor\" data-id=\"8cdb89f\" data-element_type=\"widget\" data-e-type=\"widget\" data-widget_type=\"text-editor.default\">\n\t\t\t\t\t\t\t\t\t<h3>Els itineraris formatius espec\u00edfics (IFE) s\u00f3n ensenyaments professionals que s&#8217;adrecen a alumnes amb necessitats educatives especials associades a una discapacitat intel\u00b7lectual lleu o moderada, amb l&#8217;objectiu d&#8217;oferir atenci\u00f3 educativa, a l&#8217;etapa postobligat\u00f2ria, segons les necessitats individuals i les capacitats i habilitats pr\u00f2pies.<\/h3>\t\t\t\t\t\t\t\t<\/div>\n\t\t\t\t\t<\/div>\n\t\t<\/div>\n\t\t\t\t\t<\/div>\n\t\t<\/section>\n\t\t\t\t<section class=\"elementor-section elementor-top-section elementor-element elementor-element-cb3eea5 elementor-section-boxed elementor-section-height-default elementor-section-height-default\" data-id=\"cb3eea5\" data-element_type=\"section\" data-e-type=\"section\">\n\t\t\t\t\t\t<div class=\"elementor-container elementor-column-gap-default\">\n\t\t\t\t\t<div class=\"elementor-column elementor-col-66 elementor-top-column elementor-element elementor-element-3bb12b3\" data-id=\"3bb12b3\" data-element_type=\"column\" data-e-type=\"column\">\n\t\t\t<div class=\"elementor-widget-wrap elementor-element-populated\">\n\t\t\t\t\t\t<div class=\"elementor-element elementor-element-c13353a elementor-widget elementor-widget-text-editor\" data-id=\"c13353a\" data-element_type=\"widget\" data-e-type=\"widget\" data-widget_type=\"text-editor.default\">\n\t\t\t\t\t\t\t\t\t<p>La finalitat d&#8217;aquests ensenyaments \u00e9s que els i les alumnes incrementin l&#8217;autonomia personal i assoleixin les compet\u00e8ncies professionals que els facilitin la transici\u00f3 a la vida adulta i la inclusi\u00f3 social i laboral.<\/p><p><a href=\"https:\/\/triaeducativa.gencat.cat\/ca\/fp\/ife\/\" target=\"_blank\" rel=\"noopener noreferrer nofollow\">+ Informaci\u00f3<\/a><\/p>\t\t\t\t\t\t\t\t<\/div>\n\t\t\t\t<div class=\"elementor-element elementor-element-66e0321 elementor-widget elementor-widget-heading\" data-id=\"66e0321\" data-element_type=\"widget\" data-e-type=\"widget\" data-widget_type=\"heading.default\">\n\t\t\t\t\t<h3 class=\"elementor-heading-title elementor-size-default\">Itineraris Formatius Espec\u00edfics<\/h3>\t\t\t\t<\/div>\n\t\t\t\t<div class=\"elementor-element elementor-element-56bedcc llista-links elementor-widget elementor-widget-text-editor\" data-id=\"56bedcc\" data-element_type=\"widget\" data-e-type=\"widget\" data-widget_type=\"text-editor.default\">\n\t\t\t\t\t\t\t\t\t<ul><li><a href=\"https:\/\/osonajove.cat\/capsula\/ife-manteniment-installacions-esportives\/\" rel=\"\">IFE manteniment d\u2019instal.lacions esportives<\/a><\/li><li><a href=\"https:\/\/osonajove.cat\/capsula\/ife-auxiliar-de-vendes-i-atencio-al-public\/\" rel=\"\">IFE Auxiliar de vendes i atenci\u00f3 al p\u00fablic<\/a><\/li><\/ul>\t\t\t\t\t\t\t\t<\/div>\n\t\t\t\t\t<\/div>\n\t\t<\/div>\n\t\t\t\t<div class=\"elementor-column elementor-col-33 elementor-top-column elementor-element elementor-element-00b842d\" data-id=\"00b842d\" data-element_type=\"column\" data-e-type=\"column\">\n\t\t\t<div class=\"elementor-widget-wrap\">\n\t\t\t\t\t\t\t<\/div>\n\t\t<\/div>\n\t\t\t\t\t<\/div>\n\t\t<\/section>\n\t\t\t\t<\/div>\n\t\t","protected":false},"excerpt":{"rendered":"<p>Oferta formativa \/ Formaci\u00f3 Professional Els itineraris formatius espec\u00edfics (IFE) s\u00f3n ensenyaments professionals que s&#8217;adrecen a alumnes amb necessitats educatives especials associades a una discapacitat intel\u00b7lectual lleu o moderada, amb l&#8217;objectiu d&#8217;oferir atenci\u00f3 educativa, a l&#8217;etapa postobligat\u00f2ria, segons les necessitats individuals i les capacitats i habilitats pr\u00f2pies. La finalitat d&#8217;aquests ensenyaments \u00e9s que els i [&hellip;]<\/p>\n","protected":false},"author":4,"featured_media":0,"parent":4496,"menu_order":0,"comment_status":"closed","ping_status":"closed","template":"","meta":{"slim_seo":{"title":"Itineraris Formatius Espec\u00edfics (IFE) - C\u00e0psula","description":"Oferta formativa \/ Formaci\u00f3 Professional Els itineraris formatius espec\u00edfics (IFE) s\u00f3n ensenyaments professionals que s'adrecen a alumnes amb necessitats educat"},"footnotes":"","_wp_rev_ctl_limit":""},"class_list":["post-4470","page","type-page","status-publish","hentry"],"_links":{"self":[{"href":"https:\/\/osonajove.cat\/capsula\/wp-json\/wp\/v2\/pages\/4470","targetHints":{"allow":["GET"]}}],"collection":[{"href":"https:\/\/osonajove.cat\/capsula\/wp-json\/wp\/v2\/pages"}],"about":[{"href":"https:\/\/osonajove.cat\/capsula\/wp-json\/wp\/v2\/types\/page"}],"author":[{"embeddable":true,"href":"https:\/\/osonajove.cat\/capsula\/wp-json\/wp\/v2\/users\/4"}],"replies":[{"embeddable":true,"href":"https:\/\/osonajove.cat\/capsula\/wp-json\/wp\/v2\/comments?post=4470"}],"version-history":[{"count":4,"href":"https:\/\/osonajove.cat\/capsula\/wp-json\/wp\/v2\/pages\/4470\/revisions"}],"predecessor-version":[{"id":4550,"href":"https:\/\/osonajove.cat\/capsula\/wp-json\/wp\/v2\/pages\/4470\/revisions\/4550"}],"up":[{"embeddable":true,"href":"https:\/\/osonajove.cat\/capsula\/wp-json\/wp\/v2\/pages\/4496"}],"wp:attachment":[{"href":"https:\/\/osonajove.cat\/capsula\/wp-json\/wp\/v2\/media?parent=4470"}],"curies":[{"name":"wp","href":"https:\/\/api.w.org\/{rel}","templated":true}]}}