{"id":318,"date":"2021-02-18T12:48:09","date_gmt":"2021-02-18T10:48:09","guid":{"rendered":"https:\/\/osonajove.cat\/capsula\/?page_id=318"},"modified":"2021-03-04T16:58:16","modified_gmt":"2021-03-04T14:58:16","slug":"avis-legal","status":"publish","type":"page","link":"https:\/\/osonajove.cat\/capsula\/avis-legal\/","title":{"rendered":"Av\u00eds legal"},"content":{"rendered":"\t\t<div data-elementor-type=\"wp-page\" data-elementor-id=\"318\" class=\"elementor elementor-318\" data-elementor-post-type=\"page\">\n\t\t\t\t\t\t<section class=\"elementor-section elementor-top-section elementor-element elementor-element-c87ff71 elementor-section-boxed elementor-section-height-default elementor-section-height-default\" data-id=\"c87ff71\" data-element_type=\"section\" data-e-type=\"section\">\n\t\t\t\t\t\t<div class=\"elementor-container elementor-column-gap-default\">\n\t\t\t\t\t<div class=\"elementor-column elementor-col-100 elementor-top-column elementor-element elementor-element-642879c\" data-id=\"642879c\" data-element_type=\"column\" data-e-type=\"column\">\n\t\t\t<div class=\"elementor-widget-wrap elementor-element-populated\">\n\t\t\t\t\t\t<div class=\"elementor-element elementor-element-13a5ce7 elementor-widget elementor-widget-text-editor\" data-id=\"13a5ce7\" data-element_type=\"widget\" data-e-type=\"widget\" data-widget_type=\"text-editor.default\">\n\t\t\t\t\t\t\t\t\t<div id=\"system\"><article class=\"item no-date\"><div class=\"content clearfix\"><p>Aquest lloc web i el seu domini corresponen al Consell Comarcal d\u2019Osona (en endavant el Consell Comarcal), amb CIF P-5800015-I i domicili al carrer Ramon d\u2019Abadal i de Vinyals, 5, 3a planta, de Vic (CP 08500), tel\u00e8fon 938 832 212 i adre\u00e7a electr\u00f2nica <a href=\"mailto:info@ccosona.cat\">info@ccosona.cat<\/a><\/p><p>La informaci\u00f3 facilitada per mitj\u00e0 d&#8217;aquest lloc web no substitueix la que figura a la seu electr\u00f2nica del Consell Comarcal o en els canals i plataformes de seu electr\u00f2nica adoptats pel Consell Comarcal, \u00fanica que t\u00e9 plena validesa legal.<\/p><p>El Consell Comarcal no es fa responsable del contingut, exactitud i actualitzaci\u00f3 de la informaci\u00f3 que prov\u00e9 d\u2019altres persones que figuri al lloc web o a la que es faci remissi\u00f3 per mitj\u00e0 d&#8217;enlla\u00e7os o altres sistemes.<\/p><p>El lloc web i els seus continguts, incloent-hi els textos, imatges, gr\u00e0fics, bases de dades i qualsevol altre material, es posen a disposici\u00f3 p\u00fablica amb finalitats d\u2019informaci\u00f3 i per a oferir serveis en el marc de les compet\u00e8ncies i funcions pr\u00f2pies del Consell Comarcal. Existeixen drets de propietat intel\u00b7lectual sobre alguns d\u2019aquests continguts que corresponen o b\u00e9 al Consell Comarcal o a terceres persones que n\u2019han autoritzat la utilitzaci\u00f3 per aquest mitj\u00e0.<\/p><p>De forma general, i llevat que s\u2019indiqui el contrari de forma expressa per a casos singulars, es pot portar a terme la reproducci\u00f3, distribuci\u00f3 i comunicaci\u00f3 p\u00fablica dels continguts d\u2019aquest lloc web sempre que quedi const\u00e0ncia de la proced\u00e8ncia. No obstant, no es podran utilitzar els continguts per a usos comercials, ni fer-ne obres derivades, sense autoritzaci\u00f3 expressa del Consell Comarcal.<\/p><p>Aquestes condicions regeixen per als continguts del lloc web protegits per drets d\u2019autor i es resumeixen amb la llic\u00e8ncia Reconeixement &#8211; No Comercial &#8211;\u00a0Compartir Igual 4.0 Espanya\u00a0<a href=\"https:\/\/creativecommons.org\/licenses\/by-nc-sa\/4.0\/deed.ca\" target=\"_blank\" rel=\"noopener noreferrer\">(CC BY-NC-SA 4.0)<\/a>\u00a0de\u00a0<a href=\"https:\/\/creativecommons.org\/\" target=\"_blank\" rel=\"noopener noreferrer\">Creative Commons<\/a>.&#8221;<\/p><p>L\u2019escut oficial del Consell Comarcal i els altres dissenys i logotips que l\u2019identifiquen nom\u00e9s poden ser reprodu\u00efts i utilitzats amb autoritzaci\u00f3 pr\u00e8via del Consell Comarcal, o b\u00e9 quan es tracti d\u2019identificar activitats o iniciatives que compten amb el suport expl\u00edcit del Consell Comarcal. El Consell Comarcal n\u2019autoritza tamb\u00e9 usos no lucratius amb finalitats educatives, de recerca, estudi o difusi\u00f3 cultural.<\/p><p>No s\u2019autoritzen presentacions dels continguts d\u2019aquest lloc en una finestra aliena (framing) sense autoritzaci\u00f3 expressa i per escrit del Consell Comarcal.<\/p><p>El Consell Comarcal informa que aquest lloc web utilitza galetes (cookies) que permeten fer m\u00e9s c\u00f2mode i r\u00e0pida la comunicaci\u00f3 que s\u2019estableix entre l\u2019entitat i el lloc web. La vig\u00e8ncia d\u2019aquestes galetes es limita a la necess\u00e0ria per aconseguir aquests objectius. L\u2019usuari t\u00e9 la possibilitat de configurar el seu navegador d&#8217;Internet per a obtenir un millor coneixement i control de les galetes. Vost\u00e8 ha estat informat pr\u00e8viament de la seva instal\u00b7laci\u00f3. Trobar\u00e0 m\u00e9s informaci\u00f3 sobre la Pol\u00edtica de Cookies en <a href=\"https:\/\/osonajove.cat\/capsula\/politica-de-cookies\/\">aquest enlla\u00e7<\/a><\/p><p>El Consell Comarcal no es fa responsable davant dels usuaris del seu lloc web dels possibles danys o perjudicis que es puguin derivar d\u2019interfer\u00e8ncies, omissions, interrupcions, virus inform\u00e0tics, sobrec\u00e0rrega de les l\u00ednies, avaries o desconnexions quan estiguin motivades per causes que li s\u00f3n alienes. Tampoc no se\u2019n fa dels danys que puguin ser causats per terceres persones mitjan\u00e7ant intromissions il\u00b7leg\u00edtimes fora del control del Consell Comarcal. Sempre que sigui possible advertir\u00e0 pr\u00e8viament de les interrupcions en el funcionament del web i dels serveis.<\/p><\/div><\/article><\/div>\t\t\t\t\t\t\t\t<\/div>\n\t\t\t\t<div class=\"elementor-element elementor-element-d003949 elementor-widget elementor-widget-spacer\" data-id=\"d003949\" data-element_type=\"widget\" data-e-type=\"widget\" data-widget_type=\"spacer.default\">\n\t\t\t\t\t\t\t<div class=\"elementor-spacer\">\n\t\t\t<div class=\"elementor-spacer-inner\"><\/div>\n\t\t<\/div>\n\t\t\t\t\t\t<\/div>\n\t\t\t\t\t<\/div>\n\t\t<\/div>\n\t\t\t\t\t<\/div>\n\t\t<\/section>\n\t\t\t\t<\/div>\n\t\t","protected":false},"excerpt":{"rendered":"<p>Aquest lloc web i el seu domini corresponen al Consell Comarcal d\u2019Osona (en endavant el Consell Comarcal), amb CIF P-5800015-I i domicili al carrer Ramon d\u2019Abadal i de Vinyals, 5, 3a planta, de Vic (CP 08500), tel\u00e8fon 938 832 212 i adre\u00e7a electr\u00f2nica info@ccosona.cat La informaci\u00f3 facilitada per mitj\u00e0 d&#8217;aquest lloc web no substitueix la [&hellip;]<\/p>\n","protected":false},"author":4,"featured_media":0,"parent":0,"menu_order":0,"comment_status":"closed","ping_status":"closed","template":"","meta":{"slim_seo":{"title":"Av\u00eds legal - C\u00e0psula","description":"Aquest lloc web i el seu domini corresponen al Consell Comarcal d\u2019Osona (en endavant el Consell Comarcal), amb CIF P-5800015-I i domicili al carrer Ramon d\u2019Abad"},"footnotes":"","_wp_rev_ctl_limit":""},"class_list":["post-318","page","type-page","status-publish","hentry"],"_links":{"self":[{"href":"https:\/\/osonajove.cat\/capsula\/wp-json\/wp\/v2\/pages\/318","targetHints":{"allow":["GET"]}}],"collection":[{"href":"https:\/\/osonajove.cat\/capsula\/wp-json\/wp\/v2\/pages"}],"about":[{"href":"https:\/\/osonajove.cat\/capsula\/wp-json\/wp\/v2\/types\/page"}],"author":[{"embeddable":true,"href":"https:\/\/osonajove.cat\/capsula\/wp-json\/wp\/v2\/users\/4"}],"replies":[{"embeddable":true,"href":"https:\/\/osonajove.cat\/capsula\/wp-json\/wp\/v2\/comments?post=318"}],"version-history":[{"count":6,"href":"https:\/\/osonajove.cat\/capsula\/wp-json\/wp\/v2\/pages\/318\/revisions"}],"predecessor-version":[{"id":1502,"href":"https:\/\/osonajove.cat\/capsula\/wp-json\/wp\/v2\/pages\/318\/revisions\/1502"}],"wp:attachment":[{"href":"https:\/\/osonajove.cat\/capsula\/wp-json\/wp\/v2\/media?parent=318"}],"curies":[{"name":"wp","href":"https:\/\/api.w.org\/{rel}","templated":true}]}}