{"id":2381,"date":"2022-01-25T14:00:57","date_gmt":"2022-01-25T12:00:57","guid":{"rendered":"https:\/\/osonajove.cat\/capsula\/?page_id=2381"},"modified":"2025-02-25T14:33:16","modified_gmt":"2025-02-25T12:33:16","slug":"orientacio-academica-2","status":"publish","type":"page","link":"https:\/\/osonajove.cat\/capsula\/orientacio-academica-2\/","title":{"rendered":"Orientaci\u00f3 acad\u00e8mica"},"content":{"rendered":"\n<p>En aquest espai podr\u00e0s trobar un seguit d\u2019exercicis i din\u00e0miques que et podran ajudar a obtenir <strong>informaci\u00f3 i continguts sobre el m\u00f3n educatiu i de la formaci\u00f3<\/strong> que esperem que et siguin d&#8217;utilitat. Si no aconsegueixes resoldre els teus dubtes pots anar a l\u2019apartat tens dubtes i posar-te en contacte amb els teus t\u00e8cnics\/t\u00e8cniques de refer\u00e8ncia .<\/p>\n\n\n\n<p>Comencem:<\/p>\n\n\n\n<h3 class=\"wp-block-heading\">Claus per escollir uns estudis i\/o una formaci\u00f3<\/h3>\n\n\n\n<p><span data-contrast=\"none\">Decidir<\/span><b><span data-contrast=\"none\"> qu\u00e8 vols estudiar<\/span><\/b><span data-contrast=\"none\"> i <\/span><b><span data-contrast=\"none\">de qu\u00e8 vols treballar<\/span><\/b><span data-contrast=\"none\"> no \u00e9s una tasca f\u00e0cil ni r\u00e0pida. Es tracta d\u2019un proc\u00e9s en el que haur\u00e0s de tenir en compte diferents aspectes per poder <\/span><b><span data-contrast=\"none\">prendre una decisi\u00f3 fonamentada.<\/span><\/b><span data-ccp-props=\"{&quot;201341983&quot;:0,&quot;335559739&quot;:160,&quot;335559740&quot;:259}\">&nbsp;<\/span><\/p>\n\n\n\n<p><span data-contrast=\"none\">Els elements que formen el <\/span><b><span data-contrast=\"none\">proc\u00e9s de decisi\u00f3<\/span><\/b><span data-contrast=\"none\"> i sobre els quals haur\u00e0s de treballar i aprofundir s\u00f3n:<\/span><span data-ccp-props=\"{&quot;134233117&quot;:false,&quot;134233118&quot;:false,&quot;201341983&quot;:0,&quot;335559685&quot;:0,&quot;335559738&quot;:0,&quot;335559739&quot;:0,&quot;335559740&quot;:259}\">&nbsp;<\/span><\/p>\n\n\n\n<ul class=\"wp-block-list\">\n<li><span data-contrast=\"auto\">L\u2019autoconeixement.<\/span><span data-ccp-props=\"{&quot;201341983&quot;:0,&quot;335559739&quot;:160,&quot;335559740&quot;:259}\">&nbsp;<\/span><\/li>\n\n\n\n<li><span data-contrast=\"auto\">L\u2019oferta acad\u00e8mica.<\/span><span data-ccp-props=\"{&quot;201341983&quot;:0,&quot;335559739&quot;:160,&quot;335559740&quot;:259}\">&nbsp;<\/span><\/li>\n\n\n\n<li><span data-contrast=\"auto\">El mercat de treball.&nbsp;<\/span><\/li>\n<\/ul>\n\n\n\n<p><\/p>\n\n\n\n<figure class=\"wp-block-image\"><img fetchpriority=\"high\" decoding=\"async\" width=\"1000\" height=\"850\" src=\"https:\/\/osonajove.cat\/capsula\/wp-content\/uploads\/2023\/07\/annex3-1.jpg\" alt=\"annex3\" class=\"wp-image-4263\"\/><\/figure>\n\n\n\n<h2 class=\"wp-block-heading\"><strong>Autoconeixement<\/strong><\/h2>\n\n\n\n<p><a class=\"Hyperlink SCXW243407747 BCX0\" href=\"https:\/\/www.educaweb.cat\/continguts\/educatius\/per-on-comencar\/autoconeixement\/\" target=\"_blank\" rel=\"noreferrer noopener\"><span class=\"TextRun Underlined SCXW243407747 BCX0\" lang=\"CA-ES\" xml:lang=\"CA-ES\" data-contrast=\"none\"><span class=\"NormalTextRun SCXW243407747 BCX0\" data-ccp-charstyle=\"Hyperlink\"><strong>L\u2019autoconeixement<\/strong><\/span><\/span><\/a><span class=\"TextRun SCXW243407747 BCX0\" lang=\"CA-ES\" xml:lang=\"CA-ES\" data-contrast=\"none\"><span class=\"NormalTextRun SCXW243407747 BCX0\"> (o coneixement personal) est\u00e0 format per: la personalitat, les habilitats, les compet\u00e8ncies, els valors i els interessos. Realitzar un bon exercici d\u2019autoconeixement \u00e9s necessari perqu\u00e8 puguis identificar els estudis i la professi\u00f3 que m\u00e9s s\u2019ajusten al teu perfil.<\/span><\/span><span class=\"EOP SCXW243407747 BCX0\" data-ccp-props=\"{&quot;134233117&quot;:false,&quot;134233118&quot;:false,&quot;201341983&quot;:0,&quot;335559685&quot;:0,&quot;335559738&quot;:0,&quot;335559739&quot;:0,&quot;335559740&quot;:259}\">&nbsp;<\/span><\/p>\n\n\n\n<h3 class=\"wp-block-heading\">Com s\u00f3c? Qu\u00e8 vull?<\/h3>\n\n\n\n<p>L&#8217;autoconeixement en l&#8217;orientaci\u00f3 acad\u00e8mica, significa investigar sobre les teves habilitats, \u200bcompet\u00e8ncies, personalitat, valors i interessos professionals per trobar els teus estudis i la teva professi\u00f3.<\/p>\n\n\n\n<p>L\u2019autoconeixement \u00e9s clau en el proc\u00e9s de presa de decisions, que es pot treballar des de diferents mitjans . A continuaci\u00f3\u0301 es detallen alguns recursos i din\u00e0miques per tal de poder-ho fer:<\/p>\n\n\n\n<h3 class=\"wp-block-heading\">Testos i q\u00fcestionaris<\/h3>\n\n\n\n<p>Els resultats que s\u2019obtenen no so\u0301n \u201cdiagn\u00f2stics\u201d sino\u0301 informaci\u00f3\u0301 que ha d\u2019estimular a la reflexio\u0301 i exploracio\u0301 de possibilitats en el proc\u00e9s de la teva tria.<\/p>\n\n\n\n<p><strong>Test d&#8217;orientaci\u00f3 GR<\/strong><strong><br><\/strong><a href=\"http:\/\/www.educaweb.cat\/orientacio\/interessos-professionals\/\" target=\"_blank\" rel=\"noopener noreferrer nofollow\">http:\/\/www.educaweb.cat\/orientacio\/interessos-professionals\/<\/a><br>Test d\u2019interessos professionals, que proporciona el percentatge del grup ocupacional en que me\u0301s destacaries i la formacio\u0301 que hi ha relacionada.<\/p>\n\n\n\n<p><strong>GENCAT \u2013 Departament Ensenyament<\/strong><strong><br><\/strong><a href=\"https:\/\/triaeducativa.gencat.cat\/ca\/orientacio\/\" target=\"_blank\" rel=\"noopener noreferrer nofollow\">https:\/\/triaeducativa.gencat.cat\/ca\/orientacio\/<\/a><br>Test d\u2019autoconeixement. Dirigit especialment a adolescents.<\/p>\n\n\n\n<p><strong>Porta 22<\/strong><strong><br><\/strong><a href=\"http:\/\/w28.bcn.cat\/___ch___\/_pit\/_app.php?gAppId=pit&amp;gInterfaceLanguage=ct&amp;gEnvironment=singleWeb\" target=\"_blank\" rel=\"noopener noreferrer nofollow\">http:\/\/w28.bcn.cat\/___ch___\/_pit\/_app.php?gAppId=pit&amp;gInterfaceLanguage=ct&amp;gEnvironment=singleWeb<\/a><br>Test d\u2019interessos professionals de Porta 22, Barcelona Activa.<\/p>\n\n\n\n<p><strong>XTEC Test d\u2019orientacio\u0301<\/strong><strong><br><\/strong><a href=\"http:\/\/www.xtec.cat\/~jcruz\/recursos\/test\/test_orientacio\/test_orientacio.htm\" target=\"_blank\" rel=\"noopener noreferrer nofollow\">http:\/\/www.xtec.cat\/~jcruz\/recursos\/test\/test_orientacio\/test_orientacio.htm<\/a><br>Test que te\u0301 per objecte facilitar una orientaci\u00f3\u0301 sobre interessos professionals. Valora 13 grups professionals dels quals et defineix en els resultats quines professions o estudis hi estan associats.<\/p>\n\n\n\n<h3 class=\"wp-block-heading\">Taules d&#8217;autoconeixement<\/h3>\n\n\n\n<p>Reflexiona i construeix el teu propi perfil personal, a partir de diferents conceptes.<\/p>\n\n\n\n<figure class=\"wp-block-image size-full\"><img decoding=\"async\" width=\"887\" height=\"781\" src=\"https:\/\/osonajove.cat\/capsula\/wp-content\/uploads\/2023\/07\/grafica02.jpg\" alt=\"grafica02\" class=\"wp-image-4260\" srcset=\"https:\/\/osonajove.cat\/capsula\/wp-content\/uploads\/2023\/07\/grafica02.jpg 887w, https:\/\/osonajove.cat\/capsula\/wp-content\/uploads\/2023\/07\/grafica02-300x264.jpg 300w, https:\/\/osonajove.cat\/capsula\/wp-content\/uploads\/2023\/07\/grafica02-768x676.jpg 768w\" sizes=\"(max-width: 887px) 100vw, 887px\" \/><\/figure>\n\n\n\n<figure class=\"wp-block-image size-full\"><img decoding=\"async\" width=\"888\" height=\"804\" src=\"https:\/\/osonajove.cat\/capsula\/wp-content\/uploads\/2023\/07\/grafica03.jpg\" alt=\"grafica03\" class=\"wp-image-4261\" srcset=\"https:\/\/osonajove.cat\/capsula\/wp-content\/uploads\/2023\/07\/grafica03.jpg 888w, https:\/\/osonajove.cat\/capsula\/wp-content\/uploads\/2023\/07\/grafica03-300x272.jpg 300w, https:\/\/osonajove.cat\/capsula\/wp-content\/uploads\/2023\/07\/grafica03-768x695.jpg 768w\" sizes=\"(max-width: 888px) 100vw, 888px\" \/><\/figure>\n\n\n\n<figure class=\"wp-block-image size-full\"><img loading=\"lazy\" decoding=\"async\" width=\"889\" height=\"806\" src=\"https:\/\/osonajove.cat\/capsula\/wp-content\/uploads\/2023\/07\/grafica01.jpg\" alt=\"grafica01\" class=\"wp-image-4259\" srcset=\"https:\/\/osonajove.cat\/capsula\/wp-content\/uploads\/2023\/07\/grafica01.jpg 889w, https:\/\/osonajove.cat\/capsula\/wp-content\/uploads\/2023\/07\/grafica01-300x272.jpg 300w, https:\/\/osonajove.cat\/capsula\/wp-content\/uploads\/2023\/07\/grafica01-768x696.jpg 768w\" sizes=\"(max-width: 889px) 100vw, 889px\" \/><\/figure>\n\n\n\n<hr class=\"wp-block-separator has-text-color has-cyan-bluish-gray-color has-alpha-channel-opacity has-cyan-bluish-gray-background-color has-background\"\/>\n\n\n\n<h2 class=\"wp-block-heading\"><strong>Oferta acad\u00e8mica<\/strong><\/h2>\n\n\n\n<p><a href=\"https:\/\/www.educaweb.cat\/continguts\/educatius\/sistema-educatiu\/\" target=\"_blank\" rel=\"noopener noreferrer nofollow\"><strong>L&#8217;oferta acad\u00e8mica<\/strong><\/a>. Has d&#8217;explorar totes les oportunitats i les seves caracter\u00edstiques (acc\u00e9s, pla d&#8217;estudis, especialitzacions, sortides professionals, etc.)&nbsp;que tens a l&#8217;abast per trobar els estudis que millor responguin als teus objectius.<\/p>\n\n\n\n<h3 class=\"wp-block-heading\">El sistema educatiu<\/h3>\n\n\n\n<p>El sistema educatiu s&#8217;organitza en etapes, cicles, graus, cursos i nivells d&#8217;ensenyament que asseguren la transici\u00f3 entre ells, i en el seu cas, dintre de cada un d&#8217;ells.<\/p>\n\n\n\n<p>Els ensenyaments que ofereix el sistema educatiu s\u00f3n : educaci\u00f3 infantil; educaci\u00f3 prim\u00e0ria; educaci\u00f3 secund\u00e0ria obligat\u00f2ria; batxillerat; formaci\u00f3 professional; ensenyament d&#8217;idiomes; ensenyaments art\u00edstics; ensenyaments esportius; ensenyaments de persones&nbsp; adultes; i ensenyament universitari.<\/p>\n\n\n\n<p><strong>Aqu\u00ed podeu veure el mapa del sistema educatiu:<\/strong><\/p>\n\n\n\n<p><style>\/*! elementor - v3.11.3 - 07-03-2023 *\/<br \/>\n.elementor-widget-image{text-align:center}.elementor-widget-image a{display:inline-block}.elementor-widget-image a img[src$=\".svg\"]{width:48px}.elementor-widget-image img{vertical-align:middle;display:inline-block}<\/style><\/p>\n\n\n\n<div data-wp-interactive=\"core\/file\" class=\"wp-block-file\"><object data-wp-bind--hidden=\"!state.hasPdfPreview\" hidden class=\"wp-block-file__embed\" data=\"https:\/\/osonajove.cat\/capsula\/wp-content\/uploads\/2025\/02\/sistema-educatiu-1.pdf\" type=\"application\/pdf\" style=\"width:100%;height:610px\" aria-label=\"Incrustaci\u00f3 del fitxer sistema-educatiu (1).\"><\/object><a id=\"wp-block-file--media-42248e3c-54cb-47b4-aff5-a09cfbab8065\" href=\"https:\/\/osonajove.cat\/capsula\/wp-content\/uploads\/2025\/02\/sistema-educatiu-1.pdf\">sistema-educatiu (1)<\/a><a href=\"https:\/\/osonajove.cat\/capsula\/wp-content\/uploads\/2025\/02\/sistema-educatiu-1.pdf\" class=\"wp-block-file__button wp-element-button\" download aria-describedby=\"wp-block-file--media-42248e3c-54cb-47b4-aff5-a09cfbab8065\">Baixa<\/a><\/div>\n\n\n\n<p><a href=\"https:\/\/osonajove.cat\/capsula\/wp-content\/uploads\/2022\/02\/sistema-educatiu-2022.jpg\" data-elementor-open-lightbox=\"yes\" data-elementor-lightbox-title=\"sistema-educatiu-2022\" data-e-action-hash=\"#elementor-action%3Aaction%3Dlightbox%26settings%3DeyJpZCI6MzExMiwidXJsIjoiaHR0cHM6XC9cL29zb25ham92ZS5jYXRcL2NhcHN1bGFcL3dwLWNvbnRlbnRcL3VwbG9hZHNcLzIwMjJcLzAyXC9zaXN0ZW1hLWVkdWNhdGl1LTIwMjIuanBnIn0%3D\"><br> <\/a><\/p>\n\n\n\n<p><style>\/*! elementor - v3.11.3 - 07-03-2023 *\/<br \/>\n.elementor-widget-divider{--divider-border-style:none;--divider-border-width:1px;--divider-color:#2c2c2c;--divider-icon-size:20px;--divider-element-spacing:10px;--divider-pattern-height:24px;--divider-pattern-size:20px;--divider-pattern-url:none;--divider-pattern-repeat:repeat-x}.elementor-widget-divider .elementor-divider{display:flex}.elementor-widget-divider .elementor-divider__text{font-size:15px;line-height:1;max-width:95%}.elementor-widget-divider .elementor-divider__element{margin:0 var(--divider-element-spacing);flex-shrink:0}.elementor-widget-divider .elementor-icon{font-size:var(--divider-icon-size)}.elementor-widget-divider .elementor-divider-separator{display:flex;margin:0;direction:ltr}.elementor-widget-divider--view-line_icon .elementor-divider-separator,.elementor-widget-divider--view-line_text .elementor-divider-separator{align-items:center}.elementor-widget-divider--view-line_icon .elementor-divider-separator:after,.elementor-widget-divider--view-line_icon .elementor-divider-separator:before,.elementor-widget-divider--view-line_text .elementor-divider-separator:after,.elementor-widget-divider--view-line_text .elementor-divider-separator:before{display:block;content:\"\";border-bottom:0;flex-grow:1;border-top:var(--divider-border-width) var(--divider-border-style) var(--divider-color)}.elementor-widget-divider--element-align-left .elementor-divider .elementor-divider-separator>.elementor-divider__svg:first-of-type{flex-grow:0;flex-shrink:100}.elementor-widget-divider--element-align-left .elementor-divider-separator:before{content:none}.elementor-widget-divider--element-align-left .elementor-divider__element{margin-left:0}.elementor-widget-divider--element-align-right .elementor-divider .elementor-divider-separator>.elementor-divider__svg:last-of-type{flex-grow:0;flex-shrink:100}.elementor-widget-divider--element-align-right .elementor-divider-separator:after{content:none}.elementor-widget-divider--element-align-right .elementor-divider__element{margin-right:0}.elementor-widget-divider:not(.elementor-widget-divider--view-line_text):not(.elementor-widget-divider--view-line_icon) .elementor-divider-separator{border-top:var(--divider-border-width) var(--divider-border-style) var(--divider-color)}.elementor-widget-divider--separator-type-pattern{--divider-border-style:none}.elementor-widget-divider--separator-type-pattern.elementor-widget-divider--view-line .elementor-divider-separator,.elementor-widget-divider--separator-type-pattern:not(.elementor-widget-divider--view-line) .elementor-divider-separator:after,.elementor-widget-divider--separator-type-pattern:not(.elementor-widget-divider--view-line) .elementor-divider-separator:before,.elementor-widget-divider--separator-type-pattern:not([class*=elementor-widget-divider--view]) .elementor-divider-separator{width:100%;min-height:var(--divider-pattern-height);-webkit-mask-size:var(--divider-pattern-size) 100%;mask-size:var(--divider-pattern-size) 100%;-webkit-mask-repeat:var(--divider-pattern-repeat);mask-repeat:var(--divider-pattern-repeat);background-color:var(--divider-color);-webkit-mask-image:var(--divider-pattern-url);mask-image:var(--divider-pattern-url)}.elementor-widget-divider--no-spacing{--divider-pattern-size:auto}.elementor-widget-divider--bg-round{--divider-pattern-repeat:round}.rtl .elementor-widget-divider .elementor-divider__text{direction:rtl}.e-con-inner>.elementor-widget-divider,.e-con>.elementor-widget-divider{width:var(--container-widget-width,100%);--flex-grow:var(--container-widget-flex-grow)}<\/style><\/p>\n\n\n\n<h3 class=\"wp-block-heading\">Vull seguir estudiant<\/h3>\n\n\n\n<p>Quan acabis l&#8217;ESO, <strong>tant si has obtingut el t\u00edtol de graduat en Educaci\u00f3 Secund\u00e0ria com si no<\/strong>, ser\u00e0 el moment de decidir si vols continuar estudiant o comen\u00e7ar a treballar. Si vols estudiar, pots fer el batxillerat, cursar algun cicle formatiu o cercar un curs o taller de formaci\u00f3 ocupacional per comen\u00e7ar a aprendre i tastar una professi\u00f3 que t&#8217;interessi. Per\u00f2 si t&#8217;estimes m\u00e9s cercar feina, abans de posar-t&#8217;hi has de saber quines eines i mitjans tens a l&#8217;abast.<\/p>\n\n\n\n<p><strong>I despr\u00e9s de l\u2019ESO, qu\u00e8?<\/strong><\/p>\n\n\n\n<p>En aquest v\u00eddeo podreu trobar totes les opcions que podreu escollir despr\u00e9s d\u2019obtenir el graduat en educaci\u00f3 secund\u00e0ria obligat\u00f2ria.<\/p>\n\n\n\n<figure class=\"wp-block-embed is-type-video is-provider-youtube wp-block-embed-youtube wp-embed-aspect-16-9 wp-has-aspect-ratio\"><div class=\"wp-block-embed__wrapper\">\n<iframe title=\"C\u00c0PSULA 2022 - I despr\u00e9s de l&#039;ESO qu\u00e8?\" width=\"800\" height=\"450\" src=\"https:\/\/www.youtube.com\/embed\/IncB4CUP150?feature=oembed\" frameborder=\"0\" allow=\"accelerometer; autoplay; clipboard-write; encrypted-media; gyroscope; picture-in-picture; web-share\" referrerpolicy=\"strict-origin-when-cross-origin\" allowfullscreen><\/iframe>\n<\/div><\/figure>\n\n\n\n<p><strong>I despr\u00e9s del Batxillerat, qu\u00e8?&nbsp;<\/strong><\/p>\n\n\n\n<p>En aquest video trobareu tota la informaci\u00f3 que necessiteu sobre el batxillerat i les opcions formatives que teniu despr\u00e9s d\u2019aquests dos cursos.<\/p>\n\n\n\n<figure class=\"wp-block-embed is-type-video is-provider-youtube wp-block-embed-youtube wp-embed-aspect-16-9 wp-has-aspect-ratio\"><div class=\"wp-block-embed__wrapper\">\n<iframe title=\"C\u00c0PSULA 2022 - Batxillerat i l&#039;Acc\u00e9s a la Universitat\" width=\"800\" height=\"450\" src=\"https:\/\/www.youtube.com\/embed\/gjddggtugNk?feature=oembed\" frameborder=\"0\" allow=\"accelerometer; autoplay; clipboard-write; encrypted-media; gyroscope; picture-in-picture; web-share\" referrerpolicy=\"strict-origin-when-cross-origin\" allowfullscreen><\/iframe>\n<\/div><\/figure>\n\n\n\n<p><strong>Reenganxa\u2019t al sistema educatiu.&nbsp;<\/strong><\/p>\n\n\n\n<p>Plantegem com reenganxar-nos a la formaci\u00f3 i per qu\u00e8 ho haur\u00edem de fer. Orientat a qu\u00e8 les persones que han quedat fora del sistema educatiu pensin quin s\u00f3n els seus somnis, els seus interessos i els beneficis que els aportar\u00e0 la formaci\u00f3. Us presentem les tres passes a donar per prendre una bona decisi\u00f3 per retornar a la formaci\u00f3 i com fer-ho.<\/p>\n\n\n\n<figure class=\"wp-block-embed is-type-video is-provider-youtube wp-block-embed-youtube wp-embed-aspect-16-9 wp-has-aspect-ratio\"><div class=\"wp-block-embed__wrapper\">\n<iframe title=\"C\u00c0PSULA 2022 - Reenganxa&#039;t els estudis\" width=\"800\" height=\"450\" src=\"https:\/\/www.youtube.com\/embed\/FvHun3-wiYk?feature=oembed\" frameborder=\"0\" allow=\"accelerometer; autoplay; clipboard-write; encrypted-media; gyroscope; picture-in-picture; web-share\" referrerpolicy=\"strict-origin-when-cross-origin\" allowfullscreen><\/iframe>\n<\/div><\/figure>\n\n\n\n<h3 class=\"wp-block-heading\">Din\u00e0miques i exercicis que et poden ajudar a decidir<\/h3>\n\n\n\n<p>Us proposem un seguit d\u2019activitats d\u2019orientaci\u00f3 acad\u00e8mica grupals i individuals que us poden ajudar a decidir sobre el vostre futur:<\/p>\n\n\n\n<ul class=\"wp-block-list\">\n<li><a href=\"https:\/\/osonajove.cat\/capsula\/wp-content\/uploads\/2021\/04\/activitat-1.pdf\" target=\"_blank\" rel=\"noopener\">Activitat 1<\/a><\/li>\n\n\n\n<li><a href=\"https:\/\/osonajove.cat\/capsula\/wp-content\/uploads\/2021\/04\/activitat-2.pdf\" target=\"_blank\" rel=\"noopener\">Activitat 2<\/a><\/li>\n\n\n\n<li><a href=\"https:\/\/osonajove.cat\/capsula\/wp-content\/uploads\/2021\/04\/activitat-3.pdf\" target=\"_blank\" rel=\"noopener\">Activitat 3<\/a><\/li>\n<\/ul>\n\n\n\n<h3 class=\"wp-block-heading\">Claus per a l\u2019orientaci\u00f3 acad\u00e8mica i professional<\/h3>\n\n\n\n<p>Com decidir entre una formaci\u00f3 o una altra? Qu\u00e8 passa si no tens una vocaci\u00f3 clarament definida? \u00bfI si esculls una formaci\u00f3 i despr\u00e9s descobreixes que no t\u2019agrada?<br>Abans de res: tranquil\u00b7litat. T\u2019enfrontes a una de les decisions m\u00e9s rellevants de la teva vida i aix\u00f2 requereix pensar les coses amb deteniment.<\/p>\n\n\n\n<p>Aqu\u00ed et facilitem un seguit de claus per a l&#8217;orientaci\u00f3 acad\u00e8mica i professional que has de tenir en \u200bcompta alhora de triar i escollir uns estudis.<\/p>\n\n\n\n<p><a href=\"https:\/\/osonajove.cat\/capsula\/wp-content\/uploads\/2021\/06\/Post-Seminari-Formacio-CC-Osona.pdf\" target=\"_blank\" rel=\"noopener\">Seminari d\u2019orientacio\u0301 acade\u0300mica i professional<\/a><\/p>\n\n\n\n<hr class=\"wp-block-separator has-text-color has-cyan-bluish-gray-color has-alpha-channel-opacity has-cyan-bluish-gray-background-color has-background\"\/>\n\n\n\n<h2 class=\"wp-block-heading\"><strong>Mercat de treball<\/strong><\/h2>\n\n\n\n<p><a href=\"https:\/\/www.educaweb.cat\/continguts\/educatius\/com-triar-estudis-professio\/com-triar-professio\/\" target=\"_blank\" rel=\"noopener noreferrer nofollow\"><strong><span class=\"TextRun SCXW2160297 BCX0\" lang=\"CA-ES\" xml:lang=\"CA-ES\" data-contrast=\"none\"><span class=\"NormalTextRun SCXW2160297 BCX0\">El <\/span><\/span><span class=\"TextRun SCXW2160297 BCX0\" lang=\"CA-ES\" xml:lang=\"CA-ES\" data-contrast=\"none\"><span class=\"NormalTextRun SCXW2160297 BCX0\">mercat de<\/span><\/span> <span class=\"TextRun SCXW2160297 BCX0\" lang=\"CA-ES\" xml:lang=\"CA-ES\" data-contrast=\"none\"><span class=\"NormalTextRun SCXW2160297 BCX0\">treball<\/span><\/span><\/strong><\/a><span class=\"TextRun SCXW2160297 BCX0\" lang=\"CA-ES\" xml:lang=\"CA-ES\" data-contrast=\"none\"><span class=\"NormalTextRun SCXW2160297 BCX0\"> est\u00e0 format per moltes professions i molt diferents realitzar, \u00e9s necessari con\u00e8ixer a fons les caracter\u00edstiques d\u2019aquestes i les tasques que realitzen els diversos professionals per poder escollir la professi\u00f3 que m\u00e9s s\u2019ajusta al que busques.<\/span><\/span><\/p>\n\n\n\n<p><a href=\"https:\/\/treballperocupacions.observatoritreball.gencat.cat\/treballperocupacions\/web\/home\" target=\"_blank\" rel=\"noopener noreferrer nofollow\">L&#8217;Observatori del treball i el model productiu<\/a>, disposa d&#8217;una bona eina per poder con\u00e8ixer les diferents ocupacions, les formacions que s&#8217;hi relacionen, l&#8217;oferta i demanda que hi ha de les diferents ocupacions a totes les comarques de Catalunya, entre d&#8217;altres.<\/p>\n\n\n\n<p><\/p>\n","protected":false},"excerpt":{"rendered":"<p>En aquest espai podr\u00e0s trobar un seguit d\u2019exercicis i din\u00e0miques que et podran ajudar a obtenir informaci\u00f3 i continguts sobre el m\u00f3n educatiu i de la formaci\u00f3 que esperem que et siguin d&#8217;utilitat. Si no aconsegueixes resoldre els teus dubtes pots anar a l\u2019apartat tens dubtes i posar-te en contacte amb els teus t\u00e8cnics\/t\u00e8cniques de [&hellip;]<\/p>\n","protected":false},"author":4,"featured_media":0,"parent":0,"menu_order":0,"comment_status":"closed","ping_status":"closed","template":"","meta":{"slim_seo":{"title":"Exercicis i din\u00e0miques d'orientaci\u00f3 acad\u00e8mica i professional.","description":"Exercicis i din\u00e0miques que et podran ajudar a obtenir informaci\u00f3 i continguts sobre el m\u00f3n educatiu i de la formaci\u00f3."},"footnotes":"","_wp_rev_ctl_limit":""},"class_list":["post-2381","page","type-page","status-publish","hentry"],"_links":{"self":[{"href":"https:\/\/osonajove.cat\/capsula\/wp-json\/wp\/v2\/pages\/2381","targetHints":{"allow":["GET"]}}],"collection":[{"href":"https:\/\/osonajove.cat\/capsula\/wp-json\/wp\/v2\/pages"}],"about":[{"href":"https:\/\/osonajove.cat\/capsula\/wp-json\/wp\/v2\/types\/page"}],"author":[{"embeddable":true,"href":"https:\/\/osonajove.cat\/capsula\/wp-json\/wp\/v2\/users\/4"}],"replies":[{"embeddable":true,"href":"https:\/\/osonajove.cat\/capsula\/wp-json\/wp\/v2\/comments?post=2381"}],"version-history":[{"count":5,"href":"https:\/\/osonajove.cat\/capsula\/wp-json\/wp\/v2\/pages\/2381\/revisions"}],"predecessor-version":[{"id":5069,"href":"https:\/\/osonajove.cat\/capsula\/wp-json\/wp\/v2\/pages\/2381\/revisions\/5069"}],"wp:attachment":[{"href":"https:\/\/osonajove.cat\/capsula\/wp-json\/wp\/v2\/media?parent=2381"}],"curies":[{"name":"wp","href":"https:\/\/api.w.org\/{rel}","templated":true}]}}