{"id":2325,"date":"2022-01-25T12:54:43","date_gmt":"2022-01-25T10:54:43","guid":{"rendered":"https:\/\/osonajove.cat\/capsula\/?page_id=2325"},"modified":"2026-03-03T10:55:27","modified_gmt":"2026-03-03T08:55:27","slug":"recursos","status":"publish","type":"page","link":"https:\/\/osonajove.cat\/capsula\/recursos\/","title":{"rendered":"Recursos"},"content":{"rendered":"\n<h2 class=\"wp-block-heading\">Beques<\/h2>\n\n\n\n<h3 class=\"wp-block-heading\">Beques per ensenyaments postobligatoris no universitaris Convocades pel Ministeri d&#8217;Educaci\u00f3 i Formaci\u00f3 Professional<\/h3>\n\n\n\n<p>S\u00f3n les beques per als estudiants d&#8217;ensenyaments postobligatoris, que convoca el Ministeri d&#8217;Educaci\u00f3 i Formaci\u00f3 Professional.<\/p>\n\n\n\n<h4 class=\"wp-block-heading\">Estudis postobligatoris no universitaris<\/h4>\n\n\n\n<ul class=\"wp-block-list\">\n<li><strong>Batxillerat<\/strong><\/li>\n\n\n\n<li><strong>Formaci\u00f3 Professional<\/strong> de Grau Mitj\u00e0 i de Grau Superior<\/li>\n\n\n\n<li>Ensenyaments. <strong>art\u00edstics professionals<\/strong><\/li>\n\n\n\n<li>Ensenyaments. <strong>esportius<\/strong><\/li>\n\n\n\n<li>Ensenyaments. <strong>art\u00edstics superiors<\/strong><\/li>\n\n\n\n<li>Estudis <strong>religiosos<\/strong> superiors<\/li>\n\n\n\n<li><strong>Estudis d&#8217;idiomes<\/strong> en escoles oficials<\/li>\n\n\n\n<li><strong>Cursos d&#8217;acc\u00e9s<\/strong> i cursos de preparaci\u00f3 per a les proves d&#8217;acc\u00e9s a la formaci\u00f3 professional i cursos de formaci\u00f3 espec\u00edfics per a l&#8217;acc\u00e9s als cicles de grau mitj\u00e0 i de grau superior impartits en centres p\u00fablics i en centres privats<\/li>\n\n\n\n<li><strong>Formaci\u00f3 professional b\u00e0sica<\/strong><\/li>\n<\/ul>\n\n\n\n<h4 class=\"wp-block-heading\">Sol\u00b7licitud, terminis i requisits<\/h4>\n\n\n\n<ul class=\"wp-block-list\">\n<li>Tota la informaci\u00f3 referent a la sol\u00b7licitud de la beca, els terminis i els requisits la podreu trobar a la p\u00e0gina web del <a href=\"https:\/\/educacio.gencat.cat\/ca\/tramits\/tramits-temes\/247-beques-ministerio-postobligatoris\" target=\"_blank\" rel=\"noopener noreferrer nofollow\">Departament d&#8217;Ensenyament de la Generalitat de Catalunya<\/a>.&nbsp;<\/li>\n<\/ul>\n\n\n\n<h3 class=\"wp-block-heading\">Beca de car\u00e0cter general del Ministeri per estudis universitaris<\/h3>\n\n\n\n<p>Aquesta beca va dirigida a persones que cursin estudis universitaris oficials de grau i\/o de m\u00e0ster universitari en una universitat de Catalunya o a la UOC.<\/p>\n\n\n\n<h4 class=\"wp-block-heading\">Sol\u00b7licitud, terminis i requisits<\/h4>\n\n\n\n<ul class=\"wp-block-list\">\n<li>Tota la informaci\u00f3 referent a la sol\u00b7licitud de la beca, els terminis i els requisits la podreu trobar a la p\u00e0gina web de l&#8217;<a href=\"https:\/\/agaur.gencat.cat\/ca\/beques-i-ajuts\/pagines-especials\/beques-i-ajuts-per-estudis-universitaris1\/beca-general-ministeri\/\" target=\"_blank\" rel=\"noopener noreferrer nofollow\">Ag\u00e8ncia de Gesti\u00f3 d&#8217;Ajuts Universitaris i de Recerca (AGAUR)<\/a>.<\/li>\n<\/ul>\n\n\n\n<h3 class=\"wp-block-heading\">Beca Equitat<\/h3>\n\n\n\n<p>Aquesta beca va dirigida a persones que cursin estudis universitaris oficials de grau o de m\u00e0ster habilitant en una de les universitats p\u00fabliques de Catalunya, a la UOC o a algun dels 3 centres adscrits que hi participen.<\/p>\n\n\n\n<h4 class=\"wp-block-heading\">Sol\u00b7licitud, terminis i requisits<\/h4>\n\n\n\n<ul class=\"wp-block-list\">\n<li>Tota la informaci\u00f3 referent a la sol\u00b7licitud de la beca, els terminis i els requisits la podreu trobar a la p\u00e0gina web de l&#8217;<a href=\"https:\/\/agaur.gencat.cat\/ca\/beques-i-ajuts\/pagines-especials\/beques-i-ajuts-per-estudis-universitaris1\/acreditacio-economica-i-beques-equitat\/\" target=\"_blank\" rel=\"noopener noreferrer nofollow\">Ag\u00e8ncia de Gesti\u00f3 d&#8217;Ajuts Universitaris i de Recerca (AGAUR)<\/a>.<\/li>\n<\/ul>\n\n\n\n<p><\/p>\n\n\n\n<hr class=\"wp-block-separator has-text-color has-cyan-bluish-gray-color has-alpha-channel-opacity has-cyan-bluish-gray-background-color has-background\"\/>\n\n\n\n<h2 class=\"wp-block-heading\">Preinscripcions curs 2026-2027<\/h2>\n\n\n\n<p>Calendari de preinscripci\u00f3 curs 2026\u20132027<\/p>\n\n\n\n<ul class=\"wp-block-list\">\n<li><strong>Batxillerat.<br><\/strong>Presentaci\u00f3 de sol\u00b7licituds: Del 9 al 16 d&#8217;abril.<\/li>\n\n\n\n<li><strong>Programes de Formaci\u00f3 i Inserci\u00f3.<\/strong><br>Presentaci\u00f3 de sol\u00b7licituds: Del 4 al 13 de maig.<\/li>\n\n\n\n<li><strong>Itineraris Formatius Espec\u00edfics (IFE).<\/strong><br>Presentaci\u00f3 de sol\u00b7licituds: Del 11 al 22 de maig.<\/li>\n\n\n\n<li><strong>Cicle Formatiu de Grau B\u00e0sic.<\/strong><br>Presentaci\u00f3 de sol\u00b7licituds: Del 4 al 13 de maig.<\/li>\n\n\n\n<li><strong>Cicles de Formaci\u00f3 Professional de Grau Mitj\u00e0.<\/strong><br>Presentaci\u00f3 de sol\u00b7licituds: Del 26 de maig a l&#8217;1 de juny.<\/li>\n\n\n\n<li><strong>Cicles de Formaci\u00f3 Professional de Grau Superior.<br><\/strong>Presentaci\u00f3 de sol\u00b7licituds: Del 26 de maig a l&#8217;1 de juny.<\/li>\n\n\n\n<li><strong>Cicles d&#8217;Arts Pl\u00e0stiques i Disseny de Grau Mitj\u00e0 i Grau Superior.<\/strong><br>Presentaci\u00f3 de sol\u00b7licituds: Del 26 de maig a l&#8217;1 de juny.<br>Cal preinscripci\u00f3 a la prova espec\u00edfica d&#8217;acc\u00e9s, consulta les dates de la prova <a href=\"https:\/\/triaeducativa.gencat.cat\/ca\/proves\/proves-acces\/index.html\" title=\"\" target=\"_blank\" rel=\"noopener noreferrer nofollow\">aqu\u00ed<\/a>.<\/li>\n\n\n\n<li><strong>Ensenyaments professionals de M\u00fasica i Dansa.<\/strong><br>Presentaci\u00f3 de sol\u00b7licituds: Del 18 al 27 de mar\u00e7.<br>Cal preinscripci\u00f3 a la prova espec\u00edfica d&#8217;acc\u00e9s, consulta les dates de la prova <a href=\"https:\/\/triaeducativa.gencat.cat\/ca\/proves\/proves-acces\/index.html\" title=\"\" target=\"_blank\" rel=\"noopener noreferrer nofollow\">aqu\u00ed<\/a>.<\/li>\n\n\n\n<li><strong>Cicles d&#8217;Arts Esc\u00e8niques.<\/strong><br>Presentaci\u00f3 de sol\u00b7licituds: Del 7 d&#8217;abril al 26 de juny de 2026.<br>Cal preinscripci\u00f3 a la prova espec\u00edfica d&#8217;acc\u00e9s, consulta les dates de la prova <a href=\"https:\/\/triaeducativa.gencat.cat\/ca\/proves\/proves-acces\/index.html\" title=\"\" target=\"_blank\" rel=\"noopener noreferrer nofollow\">aqu\u00ed<\/a>.<\/li>\n\n\n\n<li><strong>Cicles d&#8217;Ensenyaments Esportius.<\/strong><br>Presentaci\u00f3 de sol\u00b7licituds: del 27 d&#8217;abril al 6 de maig i del 26 de maig a l&#8217;1 de juny.<\/li>\n<\/ul>\n\n\n\n<p>Tota la informaci\u00f3 referent a les preinscripcions 2026-27, la trobareu a: <a href=\"https:\/\/preinscripcio.gencat.cat\/ca\/inici\" target=\"_blank\" rel=\"noreferrer noopener\">https:\/\/preinscripcio.gencat.cat<\/a><\/p>\n\n\n\n<hr class=\"wp-block-separator has-text-color has-cyan-bluish-gray-color has-alpha-channel-opacity has-cyan-bluish-gray-background-color has-background\"\/>\n\n\n\n<h2 class=\"wp-block-heading\">Matr\u00edcula curs 2026-2027<\/h2>\n\n\n\n<p>Calendari de matriculaci\u00f3 pels ensenyaments postobligatoris, curs 2026\u20132027<\/p>\n\n\n\n<ul class=\"wp-block-list\">\n<li><strong>Batxillerat.<br><\/strong>Pendent dates.<\/li>\n\n\n\n<li><strong>Programes de Formaci\u00f3 i Inserci\u00f3.<\/strong><br>Pendent dates.<\/li>\n\n\n\n<li><strong>Cicles Formatius de Grau B\u00e0sic<br><\/strong>Pendent dates.<\/li>\n\n\n\n<li><strong>Itineraris Formatius Espec\u00edfics (IFE).<\/strong><br>Pendent dates.<\/li>\n\n\n\n<li><strong>Cicles de Formaci\u00f3 Professional de Grau Mitj\u00e0.<\/strong><br>Pendent dates.<\/li>\n\n\n\n<li><strong>Cicles de Formaci\u00f3 Professional de Grau Superior.<br><\/strong>Pendent dates.<\/li>\n\n\n\n<li><strong>Cicles d&#8217;Arts Pl\u00e0stiques i Disseny de Grau Mitj\u00e0.<\/strong><br>Pendent dates.<\/li>\n\n\n\n<li><strong>Cicles d&#8217;Arts Pl\u00e0stiques i Disseny de Grau Superior.<\/strong><br>Pendent dates.<\/li>\n\n\n\n<li><strong>Cicles de M\u00fasica i Dansa.<\/strong><br>Pendent dates.<\/li>\n\n\n\n<li><strong>Cicles d&#8217;Ensenyaments Esportius.<\/strong><br>Consultar dates als centres (<a href=\"https:\/\/preinscripcio.gencat.cat\/ca\/estudis\/esportius\/informat\/calendari\/\" target=\"_blank\" rel=\"noopener noreferrer nofollow\">https:\/\/preinscripcio.gencat.cat\/ca\/estudis\/esportius\/informat\/calendari\/<\/a>). <\/li>\n<\/ul>\n\n\n\n<p><\/p>\n\n\n\n<hr class=\"wp-block-separator has-text-color has-cyan-bluish-gray-color has-alpha-channel-opacity has-cyan-bluish-gray-background-color has-background is-style-default\"\/>\n\n\n\n<h2 class=\"wp-block-heading\">Homologaci\u00f3 i convalidaci\u00f3<\/h2>\n\n\n\n<p>L&#8217;<strong>homologaci\u00f3,&nbsp;<\/strong>suposa el reconeixement del grau acad\u00e8mic corresponent i&nbsp;habilita per continuar estudis d&#8217;un altre nivell educatiu espanyol. Tamb\u00e9&nbsp;implica el reconeixement dels efectes professionals inherents al t\u00edtol espanyol de refer\u00e8ncia.<\/p>\n\n\n\n<p>Quan la persona interessada vol continuar els estudis en un centre educatiu espanyol pot sol\u00b7licitar la&nbsp;<strong>convalidaci\u00f3<\/strong> dels estudis estrangers realitzats en el seu pa\u00eds.<\/p>\n\n\n\n<p>Aqu\u00ed tens tota la informaci\u00f3 que necessites per fer tot aquest proc\u00e9s:\u200b<br><a href=\"https:\/\/osonajove.cat\/capsula\/wp-content\/uploads\/2021\/06\/Presentacio-homologacions-sessio-joventut.pdf\" target=\"_blank\" rel=\"noreferrer noopener\">Informaci\u00f3 b\u00e0sica sobre homologaci\u00f3 d\u2019estudis estrangers no universitaris<\/a><\/p>\n","protected":false},"excerpt":{"rendered":"<p>Beques Beques per ensenyaments postobligatoris no universitaris Convocades pel Ministeri d&#8217;Educaci\u00f3 i Formaci\u00f3 Professional S\u00f3n les beques per als estudiants d&#8217;ensenyaments postobligatoris, que convoca el Ministeri d&#8217;Educaci\u00f3 i Formaci\u00f3 Professional. Estudis postobligatoris no universitaris Sol\u00b7licitud, terminis i requisits Beca de car\u00e0cter general del Ministeri per estudis universitaris Aquesta beca va dirigida a persones que cursin [&hellip;]<\/p>\n","protected":false},"author":4,"featured_media":0,"parent":0,"menu_order":0,"comment_status":"closed","ping_status":"closed","template":"","meta":{"slim_seo":{"title":"Recursos d'orientaci\u00f3 acad\u00e8mica i professional per a fam\u00edlies i professionals","description":"Recursos per a fam\u00edlies i professionals, Beques, Mobilitat internacional, Preinscripcions curs 2023-2024, Persones amb diversitat funcional, Homologaci\u00f3 i convalidaci\u00f3"},"footnotes":"","_wp_rev_ctl_limit":""},"class_list":["post-2325","page","type-page","status-publish","hentry"],"_links":{"self":[{"href":"https:\/\/osonajove.cat\/capsula\/wp-json\/wp\/v2\/pages\/2325","targetHints":{"allow":["GET"]}}],"collection":[{"href":"https:\/\/osonajove.cat\/capsula\/wp-json\/wp\/v2\/pages"}],"about":[{"href":"https:\/\/osonajove.cat\/capsula\/wp-json\/wp\/v2\/types\/page"}],"author":[{"embeddable":true,"href":"https:\/\/osonajove.cat\/capsula\/wp-json\/wp\/v2\/users\/4"}],"replies":[{"embeddable":true,"href":"https:\/\/osonajove.cat\/capsula\/wp-json\/wp\/v2\/comments?post=2325"}],"version-history":[{"count":3,"href":"https:\/\/osonajove.cat\/capsula\/wp-json\/wp\/v2\/pages\/2325\/revisions"}],"predecessor-version":[{"id":5567,"href":"https:\/\/osonajove.cat\/capsula\/wp-json\/wp\/v2\/pages\/2325\/revisions\/5567"}],"wp:attachment":[{"href":"https:\/\/osonajove.cat\/capsula\/wp-json\/wp\/v2\/media?parent=2325"}],"curies":[{"name":"wp","href":"https:\/\/api.w.org\/{rel}","templated":true}]}}