{"id":2256,"date":"2021-10-18T11:08:34","date_gmt":"2021-10-18T09:08:34","guid":{"rendered":"https:\/\/osonajove.cat\/capsula\/?page_id=2256"},"modified":"2025-06-03T09:31:37","modified_gmt":"2025-06-03T07:31:37","slug":"inscripcions2026","status":"publish","type":"page","link":"https:\/\/osonajove.cat\/capsula\/inscripcions2026\/","title":{"rendered":"Inscripcions 2026"},"content":{"rendered":"\t\t<div data-elementor-type=\"wp-page\" data-elementor-id=\"2256\" class=\"elementor elementor-2256\" data-elementor-post-type=\"page\">\n\t\t\t\t\t\t<section class=\"elementor-section elementor-top-section elementor-element elementor-element-6cf2067 elementor-section-boxed elementor-section-height-default elementor-section-height-default\" data-id=\"6cf2067\" data-element_type=\"section\" data-e-type=\"section\">\n\t\t\t\t\t\t<div class=\"elementor-container elementor-column-gap-default\">\n\t\t\t\t\t<div class=\"elementor-column elementor-col-50 elementor-top-column elementor-element elementor-element-96b2538\" data-id=\"96b2538\" data-element_type=\"column\" data-e-type=\"column\">\n\t\t\t<div class=\"elementor-widget-wrap elementor-element-populated\">\n\t\t\t\t\t\t<div class=\"elementor-element elementor-element-af3fb26 elementor-widget elementor-widget-text-editor\" data-id=\"af3fb26\" data-element_type=\"widget\" data-e-type=\"widget\" data-widget_type=\"text-editor.default\">\n\t\t\t\t\t\t\t\t\t<h1>C\u00e0psula 2026<\/h1><p>Els dies 24 i 25 de febrer de 2026, tindran lloc les jornades d\u2019orientaci\u00f3 acad\u00e8mica i professional C\u00e0psula, destinades a estudiants de 4t d\u2019ESO, Batxillerat, Cicles Formatius, Programes de Formaci\u00f3 i Inserci\u00f3 i dels programes de formacions alternatives i noves oportunitats de la comarca d\u2019Osona.<\/p><p>Les jornades tenen com a objectiu facilitar a l\u2019alumnat la presa de decisions, el coneixement de l\u2019itinerari formatiu a seguir i acompanyar-los i guiar-los en aquest proc\u00e9s de canvi.<\/p><p>A les jornades i trobaran estands de Formaci\u00f3 Professional, Batxillerat, Universitat i Programes de formaci\u00f3 alternativa i Noves oportunitats. Tamb\u00e9 hi trobaran espais d\u2019orientaci\u00f3 i xerrades i taules rodones.<\/p><p>Aquestes jornades estan organitzades i coordinades pel servei de Joventut del Consell Comarcal d\u2019Osona i els Serveis de Joventut de la comarca.<\/p><p>Per visitar les jornades amb els grups del vostre centre educatiu \/ programa ho podreu fer el dia 24 o 25 de febrer de 9 h a 11 h o d\u201911 h a 13 h, o a la tarda del dia 24 de 16 h a 19 h, que tamb\u00e9 ser\u00e0 la tarda d\u2019obertura al p\u00fablic general.<\/p><p>Per poder inscriure el vostre centre a les jornades C\u00e0psula 2026 nom\u00e9s heu d\u2019omplir <strong>el formulari que trobareu a la dreta de la pantalla<\/strong> i indicar el nom del centre educatiu o programa, el curs que esteu apuntant, el nombre d\u2019alumnes aproximat i el dia i horari de prefer\u00e8ncia per visitar les jornades que, en la mesura del possible, s\u2019intentar\u00e0 respectar (podreu marcar dues opcions de prefer\u00e8ncia). Us demanem que feu una inscripci\u00f3 per cada curs del vostre centre educatiu que visiti les jornades (una per 4t d\u2019ESO, una per Batxillerat, etc.).<\/p><p><strong>La data m\u00e0xima per a la inscripci\u00f3 ser\u00e0 divendres 30 de setembre del 2025<\/strong><\/p><p>Per qualsevol dubte:<\/p><p>Bernat Panad\u00e8s \u2013 <a href=\"mailto:bpanadesv@ccosona.cat\"><strong>bpanadesv@ccosona.cat<\/strong><\/a> \u2013 669 093 309 \u2013 Oficina Jove d\u2019Osona<\/p><p>Volem que siguin unes jornades inclusives i accessibles per a tothom. Ens podeu enviar un correu a <a href=\"mailto:bpanadesv@ccosona.cat\">bpanadesv@ccosona.cat<\/a>\u00a0 per qualsevol dubte o consulta.<\/p>\t\t\t\t\t\t\t\t<\/div>\n\t\t\t\t\t<\/div>\n\t\t<\/div>\n\t\t\t\t<div class=\"elementor-column elementor-col-50 elementor-top-column elementor-element elementor-element-2d9dcf9\" data-id=\"2d9dcf9\" data-element_type=\"column\" data-e-type=\"column\">\n\t\t\t<div class=\"elementor-widget-wrap elementor-element-populated\">\n\t\t\t\t\t\t<div class=\"elementor-element elementor-element-ebcd51f elementor-widget elementor-widget-heading\" data-id=\"ebcd51f\" data-element_type=\"widget\" data-e-type=\"widget\" data-widget_type=\"heading.default\">\n\t\t\t\t\t<h3 class=\"elementor-heading-title elementor-size-default\">Inscripci\u00f3 a les Jornades<\/h3>\t\t\t\t<\/div>\n\t\t\t\t<div class=\"elementor-element elementor-element-af74247 elementor-button-align-start elementor-widget elementor-widget-form\" data-id=\"af74247\" data-element_type=\"widget\" data-e-type=\"widget\" data-settings=\"{&quot;step_next_label&quot;:&quot;Next&quot;,&quot;step_previous_label&quot;:&quot;Previous&quot;,&quot;button_width&quot;:&quot;25&quot;,&quot;step_type&quot;:&quot;number_text&quot;,&quot;step_icon_shape&quot;:&quot;circle&quot;}\" data-widget_type=\"form.default\">\n\t\t\t\t\t\t\t<form class=\"elementor-form\" method=\"post\" name=\"Inscripcions 2026\" aria-label=\"Inscripcions 2026\">\n\t\t\t<input type=\"hidden\" name=\"post_id\" value=\"2256\"\/>\n\t\t\t<input type=\"hidden\" name=\"form_id\" value=\"af74247\"\/>\n\t\t\t<input type=\"hidden\" name=\"referer_title\" value=\"\" \/>\n\n\t\t\t\n\t\t\t<div class=\"elementor-form-fields-wrapper elementor-labels-above\">\n\t\t\t\t\t\t\t\t<div class=\"elementor-field-type-text elementor-field-group elementor-column elementor-field-group-name elementor-col-100 elementor-field-required\">\n\t\t\t\t\t\t\t\t\t\t\t\t<label for=\"form-field-name\" class=\"elementor-field-label\">\n\t\t\t\t\t\t\t\tNom del centre\/ Programa\/Servei \t\t\t\t\t\t\t<\/label>\n\t\t\t\t\t\t\t\t\t\t\t\t\t\t<input size=\"1\" type=\"text\" name=\"form_fields[name]\" id=\"form-field-name\" class=\"elementor-field elementor-size-sm  elementor-field-textual\" required=\"required\">\n\t\t\t\t\t\t\t\t\t\t\t<\/div>\n\t\t\t\t\t\t\t\t<div class=\"elementor-field-type-text elementor-field-group elementor-column elementor-field-group-field_be2c366 elementor-col-100 elementor-field-required\">\n\t\t\t\t\t\t\t\t\t\t\t\t<label for=\"form-field-field_be2c366\" class=\"elementor-field-label\">\n\t\t\t\t\t\t\t\tCurs\t\t\t\t\t\t\t<\/label>\n\t\t\t\t\t\t\t\t\t\t\t\t\t\t<input size=\"1\" type=\"text\" name=\"form_fields[field_be2c366]\" id=\"form-field-field_be2c366\" class=\"elementor-field elementor-size-sm  elementor-field-textual\" required=\"required\">\n\t\t\t\t\t\t\t\t\t\t\t<\/div>\n\t\t\t\t\t\t\t\t<div class=\"elementor-field-type-text elementor-field-group elementor-column elementor-field-group-field_5e3f517 elementor-col-100 elementor-field-required\">\n\t\t\t\t\t\t\t\t\t\t\t\t<label for=\"form-field-field_5e3f517\" class=\"elementor-field-label\">\n\t\t\t\t\t\t\t\tNombre d\u2019assistents\t\t\t\t\t\t\t<\/label>\n\t\t\t\t\t\t\t\t\t\t\t\t\t\t<input size=\"1\" type=\"text\" name=\"form_fields[field_5e3f517]\" id=\"form-field-field_5e3f517\" class=\"elementor-field elementor-size-sm  elementor-field-textual\" required=\"required\">\n\t\t\t\t\t\t\t\t\t\t\t<\/div>\n\t\t\t\t\t\t\t\t<div class=\"elementor-field-type-radio elementor-field-group elementor-column elementor-field-group-field_82086ca elementor-col-100 elementor-field-required\">\n\t\t\t\t\t\t\t\t\t\t\t\t<label for=\"form-field-field_82086ca\" class=\"elementor-field-label\">\n\t\t\t\t\t\t\t\tDia i horari de prefer\u00e8ncia (1a opci\u00f3):\t\t\t\t\t\t\t<\/label>\n\t\t\t\t\t\t<div class=\"elementor-field-subgroup  \"><span class=\"elementor-field-option\"><input type=\"radio\" value=\"24 de febrer de 9 h a 11 h\" id=\"form-field-field_82086ca-0\" name=\"form_fields[field_82086ca]\" required=\"required\"> <label for=\"form-field-field_82086ca-0\">24 de febrer de 9 h a 11 h<\/label><\/span><span class=\"elementor-field-option\"><input type=\"radio\" value=\"24 de febrer d\u201911 h a 13 h\" id=\"form-field-field_82086ca-1\" name=\"form_fields[field_82086ca]\" required=\"required\"> <label for=\"form-field-field_82086ca-1\">24 de febrer d\u201911 h a 13 h<\/label><\/span><span class=\"elementor-field-option\"><input type=\"radio\" value=\"24 de febrer de 16 h a 19 h\" id=\"form-field-field_82086ca-2\" name=\"form_fields[field_82086ca]\" required=\"required\"> <label for=\"form-field-field_82086ca-2\">24 de febrer de 16 h a 19 h<\/label><\/span><span class=\"elementor-field-option\"><input type=\"radio\" value=\"25 de febrer de 9 h a 11 h\" id=\"form-field-field_82086ca-3\" name=\"form_fields[field_82086ca]\" required=\"required\"> <label for=\"form-field-field_82086ca-3\">25 de febrer de 9 h a 11 h<\/label><\/span><span class=\"elementor-field-option\"><input type=\"radio\" value=\"25 de febrer d\u201911 h a 13 h\" id=\"form-field-field_82086ca-4\" name=\"form_fields[field_82086ca]\" required=\"required\"> <label for=\"form-field-field_82086ca-4\">25 de febrer d\u201911 h a 13 h<\/label><\/span><\/div>\t\t\t\t<\/div>\n\t\t\t\t\t\t\t\t<div class=\"elementor-field-type-radio elementor-field-group elementor-column elementor-field-group-field_0df005a elementor-col-100 elementor-field-required\">\n\t\t\t\t\t\t\t\t\t\t\t\t<label for=\"form-field-field_0df005a\" class=\"elementor-field-label\">\n\t\t\t\t\t\t\t\tDia i horari de prefer\u00e8ncia (2a opci\u00f3):\t\t\t\t\t\t\t<\/label>\n\t\t\t\t\t\t<div class=\"elementor-field-subgroup  \"><span class=\"elementor-field-option\"><input type=\"radio\" value=\"24 de febrer de 9 h a 11 h\" id=\"form-field-field_0df005a-0\" name=\"form_fields[field_0df005a]\" required=\"required\"> <label for=\"form-field-field_0df005a-0\">24 de febrer de 9 h a 11 h<\/label><\/span><span class=\"elementor-field-option\"><input type=\"radio\" value=\"24 de febrer d\u201911 h a 13 h\" id=\"form-field-field_0df005a-1\" name=\"form_fields[field_0df005a]\" required=\"required\"> <label for=\"form-field-field_0df005a-1\">24 de febrer d\u201911 h a 13 h<\/label><\/span><span class=\"elementor-field-option\"><input type=\"radio\" value=\"24 de febrer de 16 h a 19 h\" id=\"form-field-field_0df005a-2\" name=\"form_fields[field_0df005a]\" required=\"required\"> <label for=\"form-field-field_0df005a-2\">24 de febrer de 16 h a 19 h<\/label><\/span><span class=\"elementor-field-option\"><input type=\"radio\" value=\"25 de febrer de 9 h a 11 h\" id=\"form-field-field_0df005a-3\" name=\"form_fields[field_0df005a]\" required=\"required\"> <label for=\"form-field-field_0df005a-3\">25 de febrer de 9 h a 11 h<\/label><\/span><span class=\"elementor-field-option\"><input type=\"radio\" value=\"25 de febrer d\u201911 h a 13 h\" id=\"form-field-field_0df005a-4\" name=\"form_fields[field_0df005a]\" required=\"required\"> <label for=\"form-field-field_0df005a-4\">25 de febrer d\u201911 h a 13 h<\/label><\/span><\/div>\t\t\t\t<\/div>\n\t\t\t\t\t\t\t\t<div class=\"elementor-field-type-email elementor-field-group elementor-column elementor-field-group-field_0965bc9 elementor-col-100 elementor-field-required\">\n\t\t\t\t\t\t\t\t\t\t\t\t<label for=\"form-field-field_0965bc9\" class=\"elementor-field-label\">\n\t\t\t\t\t\t\t\tCorreu electr\u00f2nic\t\t\t\t\t\t\t<\/label>\n\t\t\t\t\t\t\t\t\t\t\t\t\t\t<input size=\"1\" type=\"email\" name=\"form_fields[field_0965bc9]\" id=\"form-field-field_0965bc9\" class=\"elementor-field elementor-size-sm  elementor-field-textual\" required=\"required\">\n\t\t\t\t\t\t\t\t\t\t\t<\/div>\n\t\t\t\t\t\t\t\t<div class=\"elementor-field-type-altcha elementor-field-group elementor-column elementor-field-group-ALTCHA elementor-col-100\">\n\t\t\t\t\t<div style=\"flex-basis:100%\"><altcha-widget challengeurl=\"https:\/\/osonajove.cat\/capsula\/wp-json\/altcha\/v1\/challenge\" strings=\"{&quot;error&quot;:&quot;La verificaci\\u00f3 ha fallat. Torneu-ho a provar m\\u00e9s tard.&quot;,&quot;footer&quot;:&quot;Protegit per &lt;a href=\\&quot;https:\\\/\\\/altcha.org\\\/\\&quot; target=\\&quot;_blank\\&quot;&gt;ALTCHA&lt;\\\/a&gt;&quot;,&quot;label&quot;:&quot;No s\\u00f3c un robot&quot;,&quot;verified&quot;:&quot;Verificat&quot;,&quot;verifying&quot;:&quot;Verificant...&quot;,&quot;waitAlert&quot;:&quot;Verificant... si us plau, espereu.&quot;}\" delay=\"1500\" hidelogo=\"1\" hidefooter=\"1\"><\/altcha-widget><noscript><div class=\"altcha-no-javascript\">This form requires JavaScript!<\/div><\/noscript><\/div><input type=\"hidden\" name=\"form_fields[ALTCHA]\" id=\"form-field-ALTCHA\" class=\"elementor-field elementor-size-sm \">\t\t\t\t<\/div>\n\t\t\t\t\t\t\t\t<div class=\"elementor-field-group elementor-column elementor-field-type-submit elementor-col-25 e-form__buttons\">\n\t\t\t\t\t<button class=\"elementor-button elementor-size-sm\" type=\"submit\">\n\t\t\t\t\t\t<span class=\"elementor-button-content-wrapper\">\n\t\t\t\t\t\t\t\t\t\t\t\t\t\t\t\t\t\t\t\t\t\t<span class=\"elementor-button-text\">Enviar<\/span>\n\t\t\t\t\t\t\t\t\t\t\t\t\t<\/span>\n\t\t\t\t\t<\/button>\n\t\t\t\t<\/div>\n\t\t\t<\/div>\n\t\t<\/form>\n\t\t\t\t\t\t<\/div>\n\t\t\t\t<div class=\"elementor-element elementor-element-a4c9196 elementor-widget elementor-widget-text-editor\" data-id=\"a4c9196\" data-element_type=\"widget\" data-e-type=\"widget\" data-widget_type=\"text-editor.default\">\n\t\t\t\t\t\t\t\t\t<p style=\"text-align: center;\"><strong>Data m\u00e0xima d&#8217;inscripci\u00f3: 30\/09\/2025<\/strong><\/p>\t\t\t\t\t\t\t\t<\/div>\n\t\t\t\t\t<\/div>\n\t\t<\/div>\n\t\t\t\t\t<\/div>\n\t\t<\/section>\n\t\t\t\t<\/div>\n\t\t","protected":false},"excerpt":{"rendered":"<p>C\u00e0psula 2026 Els dies 24 i 25 de febrer de 2026, tindran lloc les jornades d\u2019orientaci\u00f3 acad\u00e8mica i professional C\u00e0psula, destinades a estudiants de 4t d\u2019ESO, Batxillerat, Cicles Formatius, Programes de Formaci\u00f3 i Inserci\u00f3 i dels programes de formacions alternatives i noves oportunitats de la comarca d\u2019Osona. Les jornades tenen com a objectiu facilitar a [&hellip;]<\/p>\n","protected":false},"author":4,"featured_media":0,"parent":0,"menu_order":0,"comment_status":"closed","ping_status":"closed","template":"","meta":{"slim_seo":{"title":"Inscripcions 2026 - C\u00e0psula","description":"C\u00e0psula 2026 Els dies 24 i 25 de febrer de 2026, tindran lloc les jornades d\u2019orientaci\u00f3 acad\u00e8mica i professional C\u00e0psula, destinades a estudiants de 4t d\u2019ESO, B"},"footnotes":"","_wp_rev_ctl_limit":""},"class_list":["post-2256","page","type-page","status-publish","hentry"],"_links":{"self":[{"href":"https:\/\/osonajove.cat\/capsula\/wp-json\/wp\/v2\/pages\/2256","targetHints":{"allow":["GET"]}}],"collection":[{"href":"https:\/\/osonajove.cat\/capsula\/wp-json\/wp\/v2\/pages"}],"about":[{"href":"https:\/\/osonajove.cat\/capsula\/wp-json\/wp\/v2\/types\/page"}],"author":[{"embeddable":true,"href":"https:\/\/osonajove.cat\/capsula\/wp-json\/wp\/v2\/users\/4"}],"replies":[{"embeddable":true,"href":"https:\/\/osonajove.cat\/capsula\/wp-json\/wp\/v2\/comments?post=2256"}],"version-history":[{"count":4,"href":"https:\/\/osonajove.cat\/capsula\/wp-json\/wp\/v2\/pages\/2256\/revisions"}],"predecessor-version":[{"id":5245,"href":"https:\/\/osonajove.cat\/capsula\/wp-json\/wp\/v2\/pages\/2256\/revisions\/5245"}],"wp:attachment":[{"href":"https:\/\/osonajove.cat\/capsula\/wp-json\/wp\/v2\/media?parent=2256"}],"curies":[{"name":"wp","href":"https:\/\/api.w.org\/{rel}","templated":true}]}}