{"id":1487,"date":"2021-03-04T16:53:56","date_gmt":"2021-03-04T14:53:56","guid":{"rendered":"https:\/\/osonajove.cat\/capsula\/?page_id=1487"},"modified":"2021-03-04T16:56:39","modified_gmt":"2021-03-04T14:56:39","slug":"politica-de-cookies","status":"publish","type":"page","link":"https:\/\/osonajove.cat\/capsula\/politica-de-cookies\/","title":{"rendered":"Pol\u00edtica de cookies"},"content":{"rendered":"\t\t<div data-elementor-type=\"wp-page\" data-elementor-id=\"1487\" class=\"elementor elementor-1487\" data-elementor-post-type=\"page\">\n\t\t\t\t\t\t<section class=\"elementor-section elementor-top-section elementor-element elementor-element-c87ff71 elementor-section-boxed elementor-section-height-default elementor-section-height-default\" data-id=\"c87ff71\" data-element_type=\"section\" data-e-type=\"section\">\n\t\t\t\t\t\t<div class=\"elementor-container elementor-column-gap-default\">\n\t\t\t\t\t<div class=\"elementor-column elementor-col-100 elementor-top-column elementor-element elementor-element-642879c\" data-id=\"642879c\" data-element_type=\"column\" data-e-type=\"column\">\n\t\t\t<div class=\"elementor-widget-wrap elementor-element-populated\">\n\t\t\t\t\t\t<div class=\"elementor-element elementor-element-13a5ce7 elementor-widget elementor-widget-text-editor\" data-id=\"13a5ce7\" data-element_type=\"widget\" data-e-type=\"widget\" data-widget_type=\"text-editor.default\">\n\t\t\t\t\t\t\t\t\t<div id=\"system\"><article class=\"item no-date\"><div class=\"content clearfix\"><p><strong>Definici\u00f3 i funci\u00f3 de les cookies<\/strong><\/p><p>Qu\u00e8 s\u00f3n les cookies? Una galeta \u00e9s un fitxer que es descarrega al seu ordinador en accedir a determinades p\u00e0gines web. Les cookies permeten, entre altres coses, emmagatzemar i recuperar informaci\u00f3 sobre els h\u00e0bits de navegaci\u00f3 d\u2019un usuari o del seu equip i, depenent de la informaci\u00f3 que continguin i de la forma en qu\u00e8 utilitzi el seu equip, es poden utilitzar per recon\u00e8ixer l\u2019usuari.<\/p><p><strong>Quins tipus de cookies utilitza aquesta p\u00e0gina web?<\/strong><\/p><ul><li><strong>Cookies pr\u00f2pies<\/strong>: S\u00f3n aquelles que s\u2019envien a l\u2019equip terminal de l\u2019usuari des d\u2019un equip o domini gestionat pel propi editor i des del qual es presta el servei sol\u00b7licitat per l\u2019usuari.<\/li><li><strong>Cookies de tercers<\/strong>: S\u00f3n aquelles que s\u2019envien a l\u2019equip terminal de l\u2019usuari des d\u2019un equip o domini que no \u00e9s gestionat per l\u2019editor, sin\u00f3 per una altra entitat que tracta les dades obtingudes mitjan\u00e7ant les cookies.<\/li><li><strong>Cookies de sessi\u00f3<\/strong>: S\u00f3n un tipus de cookies dissenyades per recollir i emmagatzemar dades mentre l\u2019usuari accedeix a una p\u00e0gina web.<\/li><li><strong>Cookies persistents<\/strong>: S\u00f3n un tipus de cookies en les quals les dades segueixen emmagatzemats en el terminal i poden ser accedits i tractats durant un per\u00edode definit pel responsable de la galeta, i que pot anar d\u2019uns minuts a diversos anys.<\/li><li><strong>Cookies d\u2019an\u00e0lisi<\/strong>: S\u00f3n aquelles que ben tractades per nosaltres o per tercers, ens permeten quantificar el nombre d\u2019usuaris i aix\u00ed realitzar el mesurament i an\u00e0lisi estad\u00edstica de la utilitzaci\u00f3 que fan els usuaris del servei ofert.<\/li><\/ul><p>Per a aix\u00f2 s\u2019analitza la seva navegaci\u00f3 a la nostra p\u00e0gina web amb la finalitat de millorar l\u2019oferta de productes o serveis que li oferim.<\/p><ul><li><strong>Cookies publicit\u00e0ries<\/strong>: S\u00f3n aquelles que permeten la gesti\u00f3, de la forma m\u00e9s efica\u00e7 possible, dels espais publicitaris que, si escau, l\u2019editor hagi incl\u00f2s en una p\u00e0gina web, aplicaci\u00f3 o plataforma des de la que presta el servei sol\u00b7licitat basant-se en criteris com el contingut editat o la freq\u00fc\u00e8ncia en qu\u00e8 es mostren els anuncis.<\/li><li><strong>Cookies de publicitat comportamental<\/strong>: S\u00f3n aquelles que permeten la gesti\u00f3, de la forma m\u00e9s efica\u00e7 possible, dels espais publicitaris que, si escau, l\u2019editor hagi incl\u00f2s en una p\u00e0gina web, aplicaci\u00f3 o plataforma des de la que presta el servei sol\u00b7licitat. Aquestes cookies emmagatzemen informaci\u00f3 del comportament dels usuaris obtinguda a trav\u00e9s de l\u2019observaci\u00f3 continuada dels seus h\u00e0bits de navegaci\u00f3, la qual cosa permet desenvolupar un perfil espec\u00edfic per mostrar publicitat en funci\u00f3 d\u2019aquest.<\/li><\/ul><p>Aix\u00ed mateix \u00e9s possible que en visitar alguna p\u00e0gina web o en obrir algun email on es publiqui algun anunci o alguna promoci\u00f3 sobre els nostres productes o serveis s\u2019instal\u00b7li en el seu navegador alguna cookie que serveixi per mostrar posteriorment publicitat relacionada amb la recerca que hagi realitzat, desenvolupar un control dels nostres anuncis, per exemple, amb el nombre de vegades que s\u00f3n vistos, on apareixen, a quina hora es veuen, etc.<\/p><p><strong>Revocaci\u00f3 i eliminaci\u00f3 de cookies<\/strong><\/p><p>Vost\u00e8 pot permetre, bloquejar o eliminar les cookies instal\u00b7lades al seu equip mitjan\u00e7ant la configuraci\u00f3 de les opcions del navegador del seu ordinador. En cas que no permeti la instal\u00b7laci\u00f3 de cookies al seu navegador, \u00e9s possible que no pugui accedir a alguna de les seccions de nostra web. Per a m\u00e9s informaci\u00f3 sobre com bloquejar l\u2019\u00fas de cookies pot fer-ho a trav\u00e9s del navegador :<\/p><ul><li>Internet Explorer:\u00a0<a title=\"Abrir Internet Explorer\" href=\"http:\/\/windows.microsoft.com\/es-ES\/windows-vista\/Block-or-allow-cookies\" target=\"_blank\" rel=\"noopener noreferrer nofollow\">http:\/\/windows.microsoft.com\/es-ES\/windows-vista\/Block-or-allow-cookies<\/a><\/li><li>Firefox:\u00a0<a title=\"Abrir Mozilla Firefox\" href=\"http:\/\/support.mozilla.org\/es\/kb\/habilitar-y-deshabilitar-cookies-que-los-sitios-we\" target=\"_blank\" rel=\"noopener noreferrer nofollow\">http:\/\/support.mozilla.org\/es\/kb\/habilitar-y-deshabilitar-cookies-que-los-sitios-we<\/a><\/li><li>Safari:\u00a0<a title=\"Abrir Safari\" href=\"http:\/\/support.apple.com\/kb\/HT1677?viewlocale=es_ES\" target=\"_blank\" rel=\"noopener noreferrer nofollow\">http:\/\/support.apple.com\/kb\/HT1677?viewlocale=es_ES<\/a><\/li><li>Google Chrome:\u00a0<a title=\"Abrir Google Chrome\" href=\"https:\/\/support.google.com\/chrome\/answer\/95647?hl=es\" target=\"_blank\" rel=\"noopener noreferrer nofollow\">https:\/\/support.google.com\/chrome\/answer\/95647?hl=es<\/a><\/li><\/ul><p>\u00a0<\/p><p><strong>DRETS DE PROPIETAT INDUSTRIAL I INTEL\u00b7LECTUAL<\/strong><\/p><p>Consell Comarcal d\u2019Osona \u00e9s titular de tots els drets de propietat intel\u00b7lectual i industrial de l\u2019URL www.ccosona.cat.\u00a0Queda completament prohibit modificar o distribuir tot o part del contingut d\u2019aquestes p\u00e0gines web per a prop\u00f2sits de car\u00e0cter p\u00fablic o privat sense previ consentiment expr\u00e9s i per escrit de Consell Comarcal d\u2019Osona. Qualsevol actuaci\u00f3 que infringeixi l\u2019anteriorment exposat podr\u00e0 constituir una vulneraci\u00f3 dels drets de propietat intel\u00b7lectual i industrial protegits en el Text Ref\u00f3s de la Llei de Propietat Intel\u00b7lectual, cosa que donar\u00e0 lloc a possibles actuacions legals d\u2019acord amb el Codi Penal vigent.<\/p><p><strong>POL\u00cdTICA DE SEGURETAT<\/strong><\/p><p>El Sistema de Gesti\u00f3 de Seguretat del Consell Comarcal d\u2019Osona vetlla pel seg\u00fcent.<\/p><ul><li>Proporcionar als empleats un entorn de treball disponible i fiable en relaci\u00f3 a les eines inform\u00e0tiques, dades i comunicacions d\u2019acord amb les directrius de l\u2019Organitzaci\u00f3.<\/li><li>Gestionar adequadament la seguretat de la informaci\u00f3 perqu\u00e8 permeti als seus responsables implantar-la i mantenir-la a l\u2019Organitzaci\u00f3.<\/li><li>Assegurar la disponibilitat, confidencialitat i integritat de les dades dels clients del Consell Comarcal d\u2019Osona.<\/li><li>Enfortir la relaci\u00f3 de confian\u00e7a entre clients i l\u2019Organitzaci\u00f3.<\/li><li>Contribuir a l\u2019obtenci\u00f3 de millors nivells d\u2019excel\u00b7l\u00e8ncia de gesti\u00f3 en l\u2019Organitzaci\u00f3, aix\u00ed com de millora de la imatge del Consell Comarcal d\u2019Osona.<\/li><li>Complir amb la legalitat aplicable.<\/li><\/ul><\/div><\/article><\/div>\t\t\t\t\t\t\t\t<\/div>\n\t\t\t\t<div class=\"elementor-element elementor-element-d003949 elementor-widget elementor-widget-spacer\" data-id=\"d003949\" data-element_type=\"widget\" data-e-type=\"widget\" data-widget_type=\"spacer.default\">\n\t\t\t\t\t\t\t<div class=\"elementor-spacer\">\n\t\t\t<div class=\"elementor-spacer-inner\"><\/div>\n\t\t<\/div>\n\t\t\t\t\t\t<\/div>\n\t\t\t\t\t<\/div>\n\t\t<\/div>\n\t\t\t\t\t<\/div>\n\t\t<\/section>\n\t\t\t\t<\/div>\n\t\t","protected":false},"excerpt":{"rendered":"<p>Definici\u00f3 i funci\u00f3 de les cookies Qu\u00e8 s\u00f3n les cookies? Una galeta \u00e9s un fitxer que es descarrega al seu ordinador en accedir a determinades p\u00e0gines web. Les cookies permeten, entre altres coses, emmagatzemar i recuperar informaci\u00f3 sobre els h\u00e0bits de navegaci\u00f3 d\u2019un usuari o del seu equip i, depenent de la informaci\u00f3 que continguin [&hellip;]<\/p>\n","protected":false},"author":4,"featured_media":0,"parent":0,"menu_order":0,"comment_status":"closed","ping_status":"closed","template":"","meta":{"slim_seo":{"title":"Pol\u00edtica de cookies - C\u00e0psula","description":"Definici\u00f3 i funci\u00f3 de les cookies Qu\u00e8 s\u00f3n les cookies? Una galeta \u00e9s un fitxer que es descarrega al seu ordinador en accedir a determinades p\u00e0gines web. Les coo"},"footnotes":"","_wp_rev_ctl_limit":""},"class_list":["post-1487","page","type-page","status-publish","hentry"],"_links":{"self":[{"href":"https:\/\/osonajove.cat\/capsula\/wp-json\/wp\/v2\/pages\/1487","targetHints":{"allow":["GET"]}}],"collection":[{"href":"https:\/\/osonajove.cat\/capsula\/wp-json\/wp\/v2\/pages"}],"about":[{"href":"https:\/\/osonajove.cat\/capsula\/wp-json\/wp\/v2\/types\/page"}],"author":[{"embeddable":true,"href":"https:\/\/osonajove.cat\/capsula\/wp-json\/wp\/v2\/users\/4"}],"replies":[{"embeddable":true,"href":"https:\/\/osonajove.cat\/capsula\/wp-json\/wp\/v2\/comments?post=1487"}],"version-history":[{"count":10,"href":"https:\/\/osonajove.cat\/capsula\/wp-json\/wp\/v2\/pages\/1487\/revisions"}],"predecessor-version":[{"id":1497,"href":"https:\/\/osonajove.cat\/capsula\/wp-json\/wp\/v2\/pages\/1487\/revisions\/1497"}],"wp:attachment":[{"href":"https:\/\/osonajove.cat\/capsula\/wp-json\/wp\/v2\/media?parent=1487"}],"curies":[{"name":"wp","href":"https:\/\/api.w.org\/{rel}","templated":true}]}}